{"id":71,"date":"2014-08-19T10:33:24","date_gmt":"2014-08-19T08:33:24","guid":{"rendered":"http:\/\/1526.csaladfakonyv.hu\/?page_id=71"},"modified":"2015-09-21T09:06:24","modified_gmt":"2015-09-21T07:06:24","slug":"egyeb-videok","status":"publish","type":"page","link":"https:\/\/1526.csaladfakonyv.hu\/?page_id=71","title":{"rendered":"Id\u0151k\u00f6r: 1516 el\u0151tt"},"content":{"rendered":"<p><em>Kalandoz\u00e1sok<\/em><\/p>\n<p><a href=\"http:\/\/www.youtube.com\/watch?v=NwiCoCHEGCU\">http:\/\/www.youtube.com\/watch?v=NwiCoCHEGCU<\/a><\/p>\n<p><em>V\u00e9rtes, 1051<\/em><\/p>\n<p><a href=\"http:\/\/www.youtube.com\/watch?v=h1xDUk7gDgs\">http:\/\/www.youtube.com\/watch?v=h1xDUk7gDgs<\/a><\/p>\n<p><em>Zimony, 1167<\/em><\/p>\n<p><a href=\"http:\/\/www.youtube.com\/watch?v=HgHb3yBcpl0\">http:\/\/www.youtube.com\/watch?v=HgHb3yBcpl0<\/a><\/p>\n<p><em>Muhi csata, 1241<\/em><\/p>\n<p><a href=\"http:\/\/www.youtube.com\/watch?v=syt5Y0A1wHw\">http:\/\/www.youtube.com\/watch?v=syt5Y0A1wHw<\/a><\/p>\n<p><em>Morvamez\u0151, 1278<\/em><\/p>\n<p><a href=\"http:\/\/www.youtube.com\/watch?v=CTQ2eYtnUcQ\">http:\/\/www.youtube.com\/watch?v=CTQ2eYtnUcQ<\/a><\/p>\n<p><em>Hossz\u00fa hadj\u00e1rat, 1443-1444<\/em><\/p>\n<p><a href=\"http:\/\/www.youtube.com\/watch?v=ugvnmwyglXk\">http:\/\/www.youtube.com\/watch?v=ugvnmwyglXk<\/a><\/p>\n<p><em>N\u00e1ndorfeh\u00e9rv\u00e1r, 1456<\/em><\/p>\n<p><a href=\"https:\/\/www.youtube.com\/watch?annotation_id=annotation_4038168911&amp;feature=iv&amp;src_vid=GoF05BnRBn4&amp;v=gQAiPq0Rwqc\">https:\/\/www.youtube.com\/watch?annotation_id=annotation_4038168911&amp;feature=iv&amp;src_vid=GoF05BnRBn4&amp;v=gQAiPq0Rwqc<\/a><\/p>\n<p><em>Szab\u00e1cs, 1476<\/em><\/p>\n<p><a href=\"http:\/\/www.youtube.com\/watch?v=feCvtG-ghfU\">http:\/\/www.youtube.com\/watch?v=feCvtG-ghfU<\/a><\/p>\n<p><em>Keny\u00e9rmez\u0151, 1479<\/em><\/p>\n<p><a href=\"http:\/\/www.youtube.com\/watch?v=feCvtG-ghfU\">http:\/\/www.youtube.com\/watch?v=feCvtG-ghfU<\/a><\/p>\n<p><em>Hunyadi M\u00e1ty\u00e1s kir\u00e1ly<\/em><strong><br \/>\n<\/strong><\/p>\n<p><a href=\"http:\/\/www.youtube.com\/watch?v=XeG35u-JjSU\">http:\/\/www.youtube.com\/watch?v=XeG35u-JjSU<\/a><\/p>\n<p>&nbsp;<\/p>\n","protected":false},"excerpt":{"rendered":"<p>Kalandoz\u00e1sok http:\/\/www.youtube.com\/watch?v=NwiCoCHEGCU V\u00e9rtes, 1051 http:\/\/www.youtube.com\/watch?v=h1xDUk7gDgs Zimony, 1167 http:\/\/www.youtube.com\/watch?v=HgHb3yBcpl0 Muhi csata, 1241 http:\/\/www.youtube.com\/watch?v=syt5Y0A1wHw Morvamez\u0151, 1278 http:\/\/www.youtube.com\/watch?v=CTQ2eYtnUcQ Hossz\u00fa hadj\u00e1rat, 1443-1444 http:\/\/www.youtube.com\/watch?v=ugvnmwyglXk N\u00e1ndorfeh\u00e9rv\u00e1r, 1456 https:\/\/www.youtube.com\/watch?annotation_id=annotation_4038168911&amp;feature=iv&amp;src_vid=GoF05BnRBn4&amp;v=gQAiPq0Rwqc Szab\u00e1cs, 1476 http:\/\/www.youtube.com\/watch?v=feCvtG-ghfU Keny\u00e9rmez\u0151, 1479 http:\/\/www.youtube.com\/watch?v=feCvtG-ghfU Hunyadi M\u00e1ty\u00e1s kir\u00e1ly http:\/\/www.youtube.com\/watch?v=XeG35u-JjSU &nbsp;<\/p>\n","protected":false},"author":1,"featured_media":0,"parent":20,"menu_order":2,"comment_status":"open","ping_status":"open","template":"","meta":[],"_links":{"self":[{"href":"https:\/\/1526.csaladfakonyv.hu\/index.php?rest_route=\/wp\/v2\/pages\/71"}],"collection":[{"href":"https:\/\/1526.csaladfakonyv.hu\/index.php?rest_route=\/wp\/v2\/pages"}],"about":[{"href":"https:\/\/1526.csaladfakonyv.hu\/index.php?rest_route=\/wp\/v2\/types\/page"}],"author":[{"embeddable":true,"href":"https:\/\/1526.csaladfakonyv.hu\/index.php?rest_route=\/wp\/v2\/users\/1"}],"replies":[{"embeddable":true,"href":"https:\/\/1526.csaladfakonyv.hu\/index.php?rest_route=%2Fwp%2Fv2%2Fcomments&post=71"}],"version-history":[{"count":4,"href":"https:\/\/1526.csaladfakonyv.hu\/index.php?rest_route=\/wp\/v2\/pages\/71\/revisions"}],"predecessor-version":[{"id":136,"href":"https:\/\/1526.csaladfakonyv.hu\/index.php?rest_route=\/wp\/v2\/pages\/71\/revisions\/136"}],"up":[{"embeddable":true,"href":"https:\/\/1526.csaladfakonyv.hu\/index.php?rest_route=\/wp\/v2\/pages\/20"}],"wp:attachment":[{"href":"https:\/\/1526.csaladfakonyv.hu\/index.php?rest_route=%2Fwp%2Fv2%2Fmedia&parent=71"}],"curies":[{"name":"wp","href":"https:\/\/api.w.org\/{rel}","templated":true}]}}