{"id":7,"date":"2014-08-18T12:28:31","date_gmt":"2014-08-18T12:28:31","guid":{"rendered":"http:\/\/1526.csaladfakonyv.hu\/?page_id=7"},"modified":"2016-02-15T18:44:26","modified_gmt":"2016-02-15T17:44:26","slug":"a-konyvrol","status":"publish","type":"page","link":"https:\/\/1526.csaladfakonyv.hu\/","title":{"rendered":"A k\u00f6nyv"},"content":{"rendered":"<p><a href=\"http:\/\/1526.csaladfakonyv.hu\/wp-content\/uploads\/2014\/08\/BORITO-kepe.jpg\"><img loading=\"lazy\" class=\"alignnone size-medium wp-image-132\" src=\"http:\/\/1526.csaladfakonyv.hu\/wp-content\/uploads\/2014\/08\/BORITO-kepe-194x300.jpg\" alt=\"BORITO kepe\" width=\"194\" height=\"300\" srcset=\"https:\/\/1526.csaladfakonyv.hu\/wp-content\/uploads\/2014\/08\/BORITO-kepe-194x300.jpg 194w, https:\/\/1526.csaladfakonyv.hu\/wp-content\/uploads\/2014\/08\/BORITO-kepe.jpg 469w\" sizes=\"(max-width: 194px) 100vw, 194px\" \/><\/a><\/p>\n<p>Tarsoly Kiad\u00f3(400 oldal; ISBN 978-963-9570-59-7)<\/p>\n<p>Megjelent 2014. augusztus 29-\u00e9n.<\/p>\n<p><a href=\"http:\/\/tarsolykiado.hu\/konyvek01.htm\">http:\/\/tarsolykiado.hu\/konyvek01.htm<\/a><\/p>\n<p>Dr. Varga Szabolcs, a k\u00f6nyv lektora, \u00e9s a szerz\u0151<\/p>\n<p><a href=\"http:\/\/1526.csaladfakonyv.hu\/wp-content\/uploads\/2014\/08\/VargaSzabolcs20141015.jpg\"><img loading=\"lazy\" class=\"alignnone size-medium wp-image-321\" src=\"http:\/\/1526.csaladfakonyv.hu\/wp-content\/uploads\/2014\/08\/VargaSzabolcs20141015-300x252.jpg\" alt=\"VargaSzabolcs20141015\" width=\"300\" height=\"252\" srcset=\"https:\/\/1526.csaladfakonyv.hu\/wp-content\/uploads\/2014\/08\/VargaSzabolcs20141015-300x252.jpg 300w, https:\/\/1526.csaladfakonyv.hu\/wp-content\/uploads\/2014\/08\/VargaSzabolcs20141015-1024x861.jpg 1024w, https:\/\/1526.csaladfakonyv.hu\/wp-content\/uploads\/2014\/08\/VargaSzabolcs20141015.jpg 2022w\" sizes=\"(max-width: 300px) 100vw, 300px\" \/><\/a><\/p>\n<p>A k\u00f6nyv ismertet\u0151je Ungv\u00e1ri Tam\u00e1s 2014. okt\u00f3ber 11-\u00e9n ad\u00e1sba ker\u00fclt &#8220;K\u00f6nyvjelz\u0151&#8221; c\u00edm\u0171 m\u0171sor\u00e1ban (14:05-15:45)<\/p>\n<p><a href=\"http:\/\/1526.csaladfakonyv.hu\/wp-content\/uploads\/2014\/08\/ATV-bemutato.jpg\"><img loading=\"lazy\" class=\"alignnone size-medium wp-image-323\" src=\"http:\/\/1526.csaladfakonyv.hu\/wp-content\/uploads\/2014\/08\/ATV-bemutato-300x168.jpg\" alt=\"ATV bemutato\" width=\"300\" height=\"168\" srcset=\"https:\/\/1526.csaladfakonyv.hu\/wp-content\/uploads\/2014\/08\/ATV-bemutato-300x168.jpg 300w, https:\/\/1526.csaladfakonyv.hu\/wp-content\/uploads\/2014\/08\/ATV-bemutato-1024x574.jpg 1024w, https:\/\/1526.csaladfakonyv.hu\/wp-content\/uploads\/2014\/08\/ATV-bemutato.jpg 1277w\" sizes=\"(max-width: 300px) 100vw, 300px\" \/><\/a><\/p>\n<p><a href=\"http:\/\/www.atv.hu\/videok\/video-20141011-konyvjelzo-2014-10-11\">http:\/\/www.atv.hu\/videok\/video-20141011-konyvjelzo-2014-10-11<\/a><\/p>\n<p><strong>A k\u00f6nyv f\u0151szerepl\u0151i<\/strong><\/p>\n<p>II. Lajos kir\u00e1ly (\u2020 1526)\u00a0\u00a0\u00a0\u00a0\u00a0\u00a0\u00a0\u00a0\u00a0\u00a0\u00a0\u00a0\u00a0\u00a0\u00a0\u00a0\u00a0\u00a0\u00a0\u00a0\u00a0\u00a0\u00a0\u00a0\u00a0\u00a0\u00a0 I. (Szapolyai ) J\u00e1nos kir\u00e1ly (\u2020 1540)<\/p>\n<p><a href=\"http:\/\/1526.csaladfakonyv.hu\/wp-content\/uploads\/2014\/08\/II-Lajos.jpg\"><img loading=\"lazy\" class=\"alignnone size-medium wp-image-275\" src=\"http:\/\/1526.csaladfakonyv.hu\/wp-content\/uploads\/2014\/08\/II-Lajos-233x300.jpg\" alt=\"II Lajos\" width=\"233\" height=\"300\" srcset=\"https:\/\/1526.csaladfakonyv.hu\/wp-content\/uploads\/2014\/08\/II-Lajos-233x300.jpg 233w, https:\/\/1526.csaladfakonyv.hu\/wp-content\/uploads\/2014\/08\/II-Lajos.jpg 368w\" sizes=\"(max-width: 233px) 100vw, 233px\" \/><\/a><a href=\"http:\/\/1526.csaladfakonyv.hu\/wp-content\/uploads\/2014\/08\/Szapolyai-Janos.jpg\"><img loading=\"lazy\" class=\"alignnone size-medium wp-image-276\" src=\"http:\/\/1526.csaladfakonyv.hu\/wp-content\/uploads\/2014\/08\/Szapolyai-Janos-190x300.jpg\" alt=\"Szapolyai Janos\" width=\"190\" height=\"300\" srcset=\"https:\/\/1526.csaladfakonyv.hu\/wp-content\/uploads\/2014\/08\/Szapolyai-Janos-190x300.jpg 190w, https:\/\/1526.csaladfakonyv.hu\/wp-content\/uploads\/2014\/08\/Szapolyai-Janos.jpg 380w\" sizes=\"(max-width: 190px) 100vw, 190px\" \/><\/a><\/p>\n<p>Szulejm\u00e1n szult\u00e1n (\u2020 1566)<\/p>\n<p><a href=\"http:\/\/1526.csaladfakonyv.hu\/wp-content\/uploads\/2014\/08\/Suleiman_Agostino.jpg\"><img loading=\"lazy\" class=\"alignnone size-medium wp-image-277\" src=\"http:\/\/1526.csaladfakonyv.hu\/wp-content\/uploads\/2014\/08\/Suleiman_Agostino-212x300.jpg\" alt=\"Suleiman_Agostino\" width=\"212\" height=\"300\" srcset=\"https:\/\/1526.csaladfakonyv.hu\/wp-content\/uploads\/2014\/08\/Suleiman_Agostino-212x300.jpg 212w, https:\/\/1526.csaladfakonyv.hu\/wp-content\/uploads\/2014\/08\/Suleiman_Agostino-724x1024.jpg 724w, https:\/\/1526.csaladfakonyv.hu\/wp-content\/uploads\/2014\/08\/Suleiman_Agostino.jpg 1052w\" sizes=\"(max-width: 212px) 100vw, 212px\" \/><\/a><\/p>\n<p>I. Ferdin\u00e1nd kir\u00e1ly (\u2020 1564)\u00a0\u00a0\u00a0\u00a0\u00a0\u00a0\u00a0\u00a0\u00a0\u00a0\u00a0\u00a0\u00a0\u00a0\u00a0 I. Miksa kir\u00e1ly (\u2020 1576)<\/p>\n<p><a href=\"http:\/\/1526.csaladfakonyv.hu\/wp-content\/uploads\/2014\/08\/I-Ferdinand.jpg\"><img loading=\"lazy\" class=\"alignnone size-medium wp-image-278\" src=\"http:\/\/1526.csaladfakonyv.hu\/wp-content\/uploads\/2014\/08\/I-Ferdinand-224x300.jpg\" alt=\"I Ferdinand\" width=\"224\" height=\"300\" srcset=\"https:\/\/1526.csaladfakonyv.hu\/wp-content\/uploads\/2014\/08\/I-Ferdinand-224x300.jpg 224w, https:\/\/1526.csaladfakonyv.hu\/wp-content\/uploads\/2014\/08\/I-Ferdinand-764x1024.jpg 764w, https:\/\/1526.csaladfakonyv.hu\/wp-content\/uploads\/2014\/08\/I-Ferdinand.jpg 829w\" sizes=\"(max-width: 224px) 100vw, 224px\" \/><\/a><a href=\"http:\/\/1526.csaladfakonyv.hu\/wp-content\/uploads\/2014\/08\/I-Miksa.jpg\"><img loading=\"lazy\" class=\"alignnone size-medium wp-image-279\" src=\"http:\/\/1526.csaladfakonyv.hu\/wp-content\/uploads\/2014\/08\/I-Miksa-205x300.jpg\" alt=\"I Miksa\" width=\"205\" height=\"300\" srcset=\"https:\/\/1526.csaladfakonyv.hu\/wp-content\/uploads\/2014\/08\/I-Miksa-205x300.jpg 205w, https:\/\/1526.csaladfakonyv.hu\/wp-content\/uploads\/2014\/08\/I-Miksa.jpg 360w\" sizes=\"(max-width: 205px) 100vw, 205px\" \/><\/a><\/p>\n<p>K\u00f6sz\u00f6n\u00f6m B\u00e1n M\u00f3rnak:<\/p>\n<p><a href=\"http:\/\/1526.csaladfakonyv.hu\/wp-content\/uploads\/2014\/08\/BAN-MOR-KONYVE.jpg\"><img loading=\"lazy\" class=\"alignnone size-medium wp-image-329\" src=\"http:\/\/1526.csaladfakonyv.hu\/wp-content\/uploads\/2014\/08\/BAN-MOR-KONYVE-300x225.jpg\" alt=\"BAN MOR KONYVE\" width=\"300\" height=\"225\" srcset=\"https:\/\/1526.csaladfakonyv.hu\/wp-content\/uploads\/2014\/08\/BAN-MOR-KONYVE-300x225.jpg 300w, https:\/\/1526.csaladfakonyv.hu\/wp-content\/uploads\/2014\/08\/BAN-MOR-KONYVE.jpg 1024w\" sizes=\"(max-width: 300px) 100vw, 300px\" \/><\/a><\/p>\n","protected":false},"excerpt":{"rendered":"<p>Tarsoly Kiad\u00f3(400 oldal; ISBN 978-963-9570-59-7) Megjelent 2014. augusztus 29-\u00e9n. http:\/\/tarsolykiado.hu\/konyvek01.htm Dr. Varga Szabolcs, a k\u00f6nyv lektora, \u00e9s a szerz\u0151 A k\u00f6nyv ismertet\u0151je Ungv\u00e1ri Tam\u00e1s 2014. okt\u00f3ber 11-\u00e9n ad\u00e1sba ker\u00fclt &#8220;K\u00f6nyvjelz\u0151&#8221; c\u00edm\u0171 m\u0171sor\u00e1ban (14:05-15:45) http:\/\/www.atv.hu\/videok\/video-20141011-konyvjelzo-2014-10-11 A k\u00f6nyv f\u0151szerepl\u0151i II. Lajos kir\u00e1ly (\u2020 1526)\u00a0\u00a0\u00a0\u00a0\u00a0\u00a0\u00a0\u00a0\u00a0\u00a0\u00a0\u00a0\u00a0\u00a0\u00a0\u00a0\u00a0\u00a0\u00a0\u00a0\u00a0\u00a0\u00a0\u00a0\u00a0\u00a0\u00a0 I. (Szapolyai ) J\u00e1nos kir\u00e1ly (\u2020 1540) Szulejm\u00e1n szult\u00e1n (\u2020 1566) I. Ferdin\u00e1nd &hellip; <a href=\"https:\/\/1526.csaladfakonyv.hu\/\" class=\"more-link\"><span class=\"screen-reader-text\">A k\u00f6nyv<\/span> b\u0151vebben&#8230; <span class=\"meta-nav\">&rarr;<\/span><\/a><\/p>\n","protected":false},"author":1,"featured_media":0,"parent":0,"menu_order":1,"comment_status":"open","ping_status":"open","template":"","meta":[],"_links":{"self":[{"href":"https:\/\/1526.csaladfakonyv.hu\/index.php?rest_route=\/wp\/v2\/pages\/7"}],"collection":[{"href":"https:\/\/1526.csaladfakonyv.hu\/index.php?rest_route=\/wp\/v2\/pages"}],"about":[{"href":"https:\/\/1526.csaladfakonyv.hu\/index.php?rest_route=\/wp\/v2\/types\/page"}],"author":[{"embeddable":true,"href":"https:\/\/1526.csaladfakonyv.hu\/index.php?rest_route=\/wp\/v2\/users\/1"}],"replies":[{"embeddable":true,"href":"https:\/\/1526.csaladfakonyv.hu\/index.php?rest_route=%2Fwp%2Fv2%2Fcomments&post=7"}],"version-history":[{"count":16,"href":"https:\/\/1526.csaladfakonyv.hu\/index.php?rest_route=\/wp\/v2\/pages\/7\/revisions"}],"predecessor-version":[{"id":344,"href":"https:\/\/1526.csaladfakonyv.hu\/index.php?rest_route=\/wp\/v2\/pages\/7\/revisions\/344"}],"wp:attachment":[{"href":"https:\/\/1526.csaladfakonyv.hu\/index.php?rest_route=%2Fwp%2Fv2%2Fmedia&parent=7"}],"curies":[{"name":"wp","href":"https:\/\/api.w.org\/{rel}","templated":true}]}}