{"id":69,"date":"2014-08-19T10:33:05","date_gmt":"2014-08-19T08:33:05","guid":{"rendered":"http:\/\/1526.csaladfakonyv.hu\/?page_id=69"},"modified":"2014-08-24T06:13:34","modified_gmt":"2014-08-24T04:13:34","slug":"a-konyv-idokorere-vonatkozo-videok","status":"publish","type":"page","link":"https:\/\/1526.csaladfakonyv.hu\/?page_id=69","title":{"rendered":"Moh\u00e1cs, 1526"},"content":{"rendered":"<p>A moh\u00e1csi csata el\u0151zm\u00e9nyeir\u0151l r\u00f6viden:<\/p>\n<p><a href=\"https:\/\/www.youtube.com\/watch?v=w-UqU6Pktg8\">https:\/\/www.youtube.com\/watch?v=w-UqU6Pktg8<\/a><\/p>\n<p>Neumann Tibor el\u0151ad\u00e1sa II. Ul\u00e1szl\u00f3 kir\u00e1lyr\u00f3l (21:55-t\u0151l)<\/p>\n<p><a href=\"https:\/\/www.youtube.com\/watch?v=ZdUCQfTP1_U\">https:\/\/www.youtube.com\/watch?v=ZdUCQfTP1_U<\/a><\/p>\n<p>Dr. P\u00e1lffy G\u00e9za el\u0151ad\u00e1sa Szapolyai J\u00e1nos \u00e9s Ferdin\u00e1nd kir\u00e1lyokr\u00f3l<\/p>\n<p><a href=\"http:\/\/videotorium.hu\/hu\/recordings\/details\/4499,A_magyar_tortenelem_kulonleges_masfel_evtizede\">http:\/\/videotorium.hu\/hu\/recordings\/details\/4499,A_magyar_tortenelem_kulonleges_masfel_evtizede<\/a><\/p>\n<p>Dr. Varga Szabolcs el\u0151ad\u00e1sa a horv\u00e1t-szlav\u00f3n b\u00e1ns\u00e1ggal kapcsolatban<\/p>\n<p><a href=\"http:\/\/videotorium.hu\/hu\/recordings\/details\/7762,Ban_vagy_alkiraly_A_horvat-szlavon_bani_hatalom_valtozasa\">http:\/\/videotorium.hu\/hu\/recordings\/details\/7762,Ban_vagy_alkiraly_A_horvat-szlavon_bani_hatalom_valtozasa<\/a><\/p>\n<p>P\u00e1losfalvi Tam\u00e1s el\u0151ad\u00e1sa a b\u00e1ni tiszts\u00e9gekkel kapcsolatban (1526-ig)<\/p>\n<p><a href=\"http:\/\/videotorium.hu\/hu\/recordings\/details\/7753,A_banok_helye_a_kiralysag_kormanyzati_strukturajaban_1435_1526\">http:\/\/videotorium.hu\/hu\/recordings\/details\/7753,A_banok_helye_a_kiralysag_kormanyzati_strukturajaban_1435_1526<\/a><\/p>\n<p>A moh\u00e1csi csata, 1526<\/p>\n<p><a href=\"https:\/\/www.youtube.com\/watch?v=mdIgp1davEY\">https:\/\/www.youtube.com\/watch?v=mdIgp1davEY<\/a><\/p>\n<p>St\u00fadi\u00f3besz\u00e9lget\u00e9s a moh\u00e1csi csat\u00e1r\u00f3l<\/p>\n<p><a class=\"moz-txt-link-freetext\" href=\"https:\/\/www.youtube.com\/watch?v=dmywvXdqdSY\">https:\/\/www.youtube.com\/watch?v=dmywvXdqdSY<\/a><\/p>\n<p>A Moh\u00e1csi T\u00f6rt\u00e9nelmi Eml\u00e9khelyet az 1526. augusztus 29-ei moh\u00e1csi csata eml\u00e9k\u00e9re alak\u00edtott\u00e1k ki a v\u00e1rost\u00f3l d\u00e9lre fekv\u0151 S\u00e1torhely szomsz\u00e9ds\u00e1g\u00e1ban az esem\u00e9ny 450 \u00e9ves \u00e9vfordul\u00f3j\u00e1n, 1976-ban.<\/p>\n<p><a class=\"moz-txt-link-freetext\" href=\"https:\/\/www.youtube.com\/watch?v=wuKxsFLGnVQ\">https:\/\/www.youtube.com\/watch?v=wuKxsFLGnVQ<\/a><\/p>\n","protected":false},"excerpt":{"rendered":"<p>A moh\u00e1csi csata el\u0151zm\u00e9nyeir\u0151l r\u00f6viden: https:\/\/www.youtube.com\/watch?v=w-UqU6Pktg8 Neumann Tibor el\u0151ad\u00e1sa II. Ul\u00e1szl\u00f3 kir\u00e1lyr\u00f3l (21:55-t\u0151l) https:\/\/www.youtube.com\/watch?v=ZdUCQfTP1_U Dr. P\u00e1lffy G\u00e9za el\u0151ad\u00e1sa Szapolyai J\u00e1nos \u00e9s Ferdin\u00e1nd kir\u00e1lyokr\u00f3l http:\/\/videotorium.hu\/hu\/recordings\/details\/4499,A_magyar_tortenelem_kulonleges_masfel_evtizede Dr. Varga Szabolcs el\u0151ad\u00e1sa a horv\u00e1t-szlav\u00f3n b\u00e1ns\u00e1ggal kapcsolatban http:\/\/videotorium.hu\/hu\/recordings\/details\/7762,Ban_vagy_alkiraly_A_horvat-szlavon_bani_hatalom_valtozasa P\u00e1losfalvi Tam\u00e1s el\u0151ad\u00e1sa a b\u00e1ni tiszts\u00e9gekkel kapcsolatban (1526-ig) http:\/\/videotorium.hu\/hu\/recordings\/details\/7753,A_banok_helye_a_kiralysag_kormanyzati_strukturajaban_1435_1526 A moh\u00e1csi csata, 1526 https:\/\/www.youtube.com\/watch?v=mdIgp1davEY St\u00fadi\u00f3besz\u00e9lget\u00e9s a moh\u00e1csi csat\u00e1r\u00f3l https:\/\/www.youtube.com\/watch?v=dmywvXdqdSY A Moh\u00e1csi T\u00f6rt\u00e9nelmi &hellip; <a href=\"https:\/\/1526.csaladfakonyv.hu\/?page_id=69\" class=\"more-link\"><span class=\"screen-reader-text\">Moh\u00e1cs, 1526<\/span> b\u0151vebben&#8230; <span class=\"meta-nav\">&rarr;<\/span><\/a><\/p>\n","protected":false},"author":1,"featured_media":0,"parent":20,"menu_order":2,"comment_status":"open","ping_status":"open","template":"","meta":[],"_links":{"self":[{"href":"https:\/\/1526.csaladfakonyv.hu\/index.php?rest_route=\/wp\/v2\/pages\/69"}],"collection":[{"href":"https:\/\/1526.csaladfakonyv.hu\/index.php?rest_route=\/wp\/v2\/pages"}],"about":[{"href":"https:\/\/1526.csaladfakonyv.hu\/index.php?rest_route=\/wp\/v2\/types\/page"}],"author":[{"embeddable":true,"href":"https:\/\/1526.csaladfakonyv.hu\/index.php?rest_route=\/wp\/v2\/users\/1"}],"replies":[{"embeddable":true,"href":"https:\/\/1526.csaladfakonyv.hu\/index.php?rest_route=%2Fwp%2Fv2%2Fcomments&post=69"}],"version-history":[{"count":8,"href":"https:\/\/1526.csaladfakonyv.hu\/index.php?rest_route=\/wp\/v2\/pages\/69\/revisions"}],"predecessor-version":[{"id":305,"href":"https:\/\/1526.csaladfakonyv.hu\/index.php?rest_route=\/wp\/v2\/pages\/69\/revisions\/305"}],"up":[{"embeddable":true,"href":"https:\/\/1526.csaladfakonyv.hu\/index.php?rest_route=\/wp\/v2\/pages\/20"}],"wp:attachment":[{"href":"https:\/\/1526.csaladfakonyv.hu\/index.php?rest_route=%2Fwp%2Fv2%2Fmedia&parent=69"}],"curies":[{"name":"wp","href":"https:\/\/api.w.org\/{rel}","templated":true}]}}