{"id":67,"date":"2014-08-19T10:31:46","date_gmt":"2014-08-19T08:31:46","guid":{"rendered":"http:\/\/1526.csaladfakonyv.hu\/?page_id=67"},"modified":"2014-08-19T15:50:39","modified_gmt":"2014-08-19T13:50:39","slug":"jogi-nyilatkozat","status":"publish","type":"page","link":"https:\/\/1526.csaladfakonyv.hu\/?page_id=67","title":{"rendered":"Jogi nyilatkozat"},"content":{"rendered":"<p style=\"text-align: justify;\">Figyelemmel arra, hogy a jelen honlap tartalma f\u0151leg a &#8220;N\u00e9gy kir\u00e1ly, egy szult\u00e1n&#8221; c\u00edm\u0171 k\u00f6nyvre \u00e9p\u00fcl, a tartalom (a hozz\u00e1sz\u00f3l\u00e1sokat, leveleket stb. kiv\u00e9tel\u00e9vel) teljes terjedelm\u00e9ben Dr. V\u00e1rkonyi Tibor szellemi term\u00e9ke, szerz\u0151i jogv\u00e9delem alatt \u00e1ll, az oldalon megtal\u00e1lhat\u00f3 inform\u00e1ci\u00f3k, adatok kiz\u00e1r\u00f3lag saj\u00e1t felhaszn\u00e1l\u00e1s c\u00e9lj\u00e1b\u00f3l menthet\u0151k el \u00e9s nyomtathat\u00f3ak ki. Az oldal, vagy egy r\u00e9sz\u00e9nek m\u00e1sol\u00e1sa, sokszoros\u00edt\u00e1sa, b\u00e1rmilyen c\u00e9l\u00fa fel- \u00e9s \u00e1tdolgoz\u00e1sa, kereskedelmi forgalomba hozatala tilos. A jogosulatlan felhaszn\u00e1l\u00e1s b\u00fcntet\u0151- \u00e9s polg\u00e1ri jogi k\u00f6vetkezm\u00e9nyeket von maga ut\u00e1n.<\/p>\n<p style=\"text-align: justify;\">A port\u00e1lon tal\u00e1lhat\u00f3 fot\u00f3k, k\u00e9pek, vide\u00f3k &#8211; amelyek Dr. V\u00e1rkonyi Tibor tulajdon\u00e1t k\u00e9pezik-, szint\u00e9n szerz\u0151i jogv\u00e9delem alatt \u00e1llnak, azok kiz\u00e1r\u00f3lag saj\u00e1t felhaszn\u00e1l\u00e1s c\u00e9lj\u00e1b\u00f3l menthet\u0151k el \u00e9s nyomtathat\u00f3k ki. Az oldalon tal\u00e1lhat\u00f3 fot\u00f3k, k\u00e9pek m\u00e1sol\u00e1sa, sokszoros\u00edt\u00e1sa, b\u00e1rmilyen c\u00e9l\u00fa fel- \u00e9s \u00e1tdolgoz\u00e1sa, kereskedelmi fogalomba hozatal tilos. A jogosulatlan felhaszn\u00e1l\u00e1s b\u00fcntet\u0151- \u00e9s polg\u00e1ri jogi k\u00f6vetkezm\u00e9nyeket von maga ut\u00e1n.<\/p>\n<p style=\"text-align: justify;\">Jogszer\u0171 felhaszn\u00e1l\u00e1snak min\u0151s\u00fcl a facebookon t\u00f6rt\u00e9n\u0151 megoszt\u00e1s, az adattartalomhoz vezet\u0151 linkek tov\u00e1bb\u00edt\u00e1sa, a kim\u00e1solt anyagoknak ugyancsak mag\u00e1nc\u00e9l\u00fa felhaszn\u00e1l\u00f3k sz\u00e1m\u00e1ra t\u00f6rt\u00e9n\u0151 k\u00f6zvet\u00edt\u00e9se.<\/p>\n","protected":false},"excerpt":{"rendered":"<p>Figyelemmel arra, hogy a jelen honlap tartalma f\u0151leg a &#8220;N\u00e9gy kir\u00e1ly, egy szult\u00e1n&#8221; c\u00edm\u0171 k\u00f6nyvre \u00e9p\u00fcl, a tartalom (a hozz\u00e1sz\u00f3l\u00e1sokat, leveleket stb. kiv\u00e9tel\u00e9vel) teljes terjedelm\u00e9ben Dr. V\u00e1rkonyi Tibor szellemi term\u00e9ke, szerz\u0151i jogv\u00e9delem alatt \u00e1ll, az oldalon megtal\u00e1lhat\u00f3 inform\u00e1ci\u00f3k, adatok kiz\u00e1r\u00f3lag saj\u00e1t felhaszn\u00e1l\u00e1s c\u00e9lj\u00e1b\u00f3l menthet\u0151k el \u00e9s nyomtathat\u00f3ak ki. Az oldal, vagy egy r\u00e9sz\u00e9nek m\u00e1sol\u00e1sa, sokszoros\u00edt\u00e1sa, &hellip; <a href=\"https:\/\/1526.csaladfakonyv.hu\/?page_id=67\" class=\"more-link\"><span class=\"screen-reader-text\">Jogi nyilatkozat<\/span> b\u0151vebben&#8230; <span class=\"meta-nav\">&rarr;<\/span><\/a><\/p>\n","protected":false},"author":1,"featured_media":0,"parent":42,"menu_order":2,"comment_status":"open","ping_status":"open","template":"","meta":[],"_links":{"self":[{"href":"https:\/\/1526.csaladfakonyv.hu\/index.php?rest_route=\/wp\/v2\/pages\/67"}],"collection":[{"href":"https:\/\/1526.csaladfakonyv.hu\/index.php?rest_route=\/wp\/v2\/pages"}],"about":[{"href":"https:\/\/1526.csaladfakonyv.hu\/index.php?rest_route=\/wp\/v2\/types\/page"}],"author":[{"embeddable":true,"href":"https:\/\/1526.csaladfakonyv.hu\/index.php?rest_route=\/wp\/v2\/users\/1"}],"replies":[{"embeddable":true,"href":"https:\/\/1526.csaladfakonyv.hu\/index.php?rest_route=%2Fwp%2Fv2%2Fcomments&post=67"}],"version-history":[{"count":2,"href":"https:\/\/1526.csaladfakonyv.hu\/index.php?rest_route=\/wp\/v2\/pages\/67\/revisions"}],"predecessor-version":[{"id":101,"href":"https:\/\/1526.csaladfakonyv.hu\/index.php?rest_route=\/wp\/v2\/pages\/67\/revisions\/101"}],"up":[{"embeddable":true,"href":"https:\/\/1526.csaladfakonyv.hu\/index.php?rest_route=\/wp\/v2\/pages\/42"}],"wp:attachment":[{"href":"https:\/\/1526.csaladfakonyv.hu\/index.php?rest_route=%2Fwp%2Fv2%2Fmedia&parent=67"}],"curies":[{"name":"wp","href":"https:\/\/api.w.org\/{rel}","templated":true}]}}