{"id":65,"date":"2014-08-19T10:31:26","date_gmt":"2014-08-19T08:31:26","guid":{"rendered":"http:\/\/1526.csaladfakonyv.hu\/?page_id=65"},"modified":"2014-08-19T16:10:36","modified_gmt":"2014-08-19T14:10:36","slug":"etikai-kodex","status":"publish","type":"page","link":"https:\/\/1526.csaladfakonyv.hu\/?page_id=65","title":{"rendered":"Etikai k\u00f3dex"},"content":{"rendered":"<p style=\"text-align: justify;\">Amennyiben a honlap vend\u00e9gk\u00f6nyve nyitva van, illetve, amennyiben a hozz\u00e1sz\u00f3l\u00e1sok megengedettek (egy\u00fctt: megoszt\u00e1s), a k\u00f6vetkez\u0151 etikai szab\u00e1lyokat k\u00f6vetni kell:<\/p>\n<p style=\"text-align: justify;\">Tilos megosztani b\u00e1rmilyen sz\u00f6veget, k\u00e9pet, hang- \u00e9s videoanyagot, amely b\u00e1rkinek a szem\u00e9lyhez f\u0171z\u0151d\u0151 jogait s\u00e9rten\u00e9.<\/p>\n<p style=\"text-align: justify;\">Tilos usz\u00edt\u00f3, gy\u0171l\u00f6lk\u00f6d\u0151 vagy gy\u0171l\u00f6letre vezet\u0151 anyagot megosztani.<\/p>\n<p style=\"text-align: justify;\">Tilos politikai tartalm\u00fa anyagot megosztani.<\/p>\n<p style=\"text-align: justify;\">Tilos pornogr\u00e1f (\u00e9s m\u00e1s hasonl\u00f3) anyagot megosztani.<\/p>\n<p style=\"text-align: justify;\">Tilos az idegengy\u0171l\u00f6l\u0151, rasszista, vall\u00e1sellenes, ateizmus ellenes anyag megoszt\u00e1sa, mert nem s\u00e9rthet\u0151 senkinek a lelkiismereti szabads\u00e1ga.<\/p>\n<p style=\"text-align: justify;\">Tilos b\u00e1rmely vall\u00e1<span class=\"text_exposed_show\">s vagy felekezet, esetleg az ateizmus els\u0151bbs\u00e9ge mellett \u00e1ll\u00e1st foglalni.<\/span><\/p>\n<p style=\"text-align: justify;\"><span class=\"text_exposed_show\">Tilos gy\u0171l\u00f6lk\u00f6dni a magyarok, m\u00e1s n\u00e9pek, uralkod\u00f3 csal\u00e1dok, t\u00f6rt\u00e9nelmi szerepl\u0151k ellen, vagy vel\u00fck kapcsolatban indulatot kelteni.<\/span><\/p>\n<p style=\"text-align: justify;\">\u00c9szrev\u00e9teleiket (ha nincs nyitva a vend\u00e9gk\u00f6nyvem) megtehetik a facebookon, vagy megk\u00fcldhetik emailben. Ha a honlap elnyerte a tetsz\u00e9s\u00fcket, a facebookon azt is jelezhetik:<\/p>\n<p style=\"text-align: justify;\"><a href=\"https:\/\/www.facebook.com\/pages\/N%C3%A9gy-kir%C3%A1ly-egy-szult%C3%A1n\/522019847941951?fref=ts\">https:\/\/www.facebook.com\/pages\/N%C3%A9gy-kir%C3%A1ly-egy-szult%C3%A1n\/522019847941951?fref=ts<\/a><\/p>\n<p style=\"text-align: justify;\"><strong>Sz\u00e9chenyi gondolatai v\u00e9delmezz\u00e9k e honlapot:<\/strong><\/p>\n<p style=\"text-align: justify;\"><em><span class=\"text_exposed_show\">Tiszteld a m\u00faltat, hogy \u00e9rthesd a jelent, \u00e9s munk\u00e1lkodhass a j\u00f6v\u0151n&#8230;.<\/span><\/em><\/p>\n<p style=\"text-align: justify;\"><em><span class=\"text_exposed_show\">Ha tudni akarod, hogy egy nemzet mennyire becs\u00fcli a m\u00faltj\u00e1t, n\u00e9zd meg a temet\u0151it&#8230;.<\/span><\/em><\/p>\n<p style=\"text-align: justify;\"><em><span class=\"text_exposed_show\">Sokat kell tanulnia az embernek ahhoz, hogy megtudhassa, milyen keveset is tud&#8230;..<\/span><\/em><\/p>\n<p style=\"text-align: justify;\"><em><span class=\"text_exposed_show\">\u00c9n pedig honunk minden lakos\u00e1t, ha nem is gazdagnak, magas helyen \u00e1ll\u00f3nak, de legal\u00e1bb szabadnak l\u00e1tni \u00f3hajtan\u00e1m!&#8230;<\/span><\/em><\/p>\n<p style=\"text-align: justify;\"><em><span class=\"text_exposed_show\">Sokan azt gondolj\u00e1k: Magyarorsz\u00e1g &#8211; volt; \u00e9n azt szeretn\u00e9m hinni &#8211; lesz!<\/span><\/em><\/p>\n<p style=\"text-align: justify;\"><a href=\"http:\/\/csaladfakonyv.hu\/wp-content\/uploads\/2013\/09\/Szechenyi-Istvan-1836-Barabas.jpg\"><img loading=\"lazy\" class=\"alignnone size-medium wp-image-530\" src=\"http:\/\/csaladfakonyv.hu\/wp-content\/uploads\/2013\/09\/Szechenyi-Istvan-1836-Barabas-242x300.jpg\" alt=\"Szechenyi Istvan 1836 Barabas\" width=\"242\" height=\"300\" \/><\/a><\/p>\n<p style=\"text-align: justify;\"><span class=\"text_exposed_show\">Sz\u00e9chenyi Istv\u00e1n (1791. szeptember 21. \u2014 1860. \u00e1prilis 8.)<\/span><\/p>\n","protected":false},"excerpt":{"rendered":"<p>Amennyiben a honlap vend\u00e9gk\u00f6nyve nyitva van, illetve, amennyiben a hozz\u00e1sz\u00f3l\u00e1sok megengedettek (egy\u00fctt: megoszt\u00e1s), a k\u00f6vetkez\u0151 etikai szab\u00e1lyokat k\u00f6vetni kell: Tilos megosztani b\u00e1rmilyen sz\u00f6veget, k\u00e9pet, hang- \u00e9s videoanyagot, amely b\u00e1rkinek a szem\u00e9lyhez f\u0171z\u0151d\u0151 jogait s\u00e9rten\u00e9. Tilos usz\u00edt\u00f3, gy\u0171l\u00f6lk\u00f6d\u0151 vagy gy\u0171l\u00f6letre vezet\u0151 anyagot megosztani. Tilos politikai tartalm\u00fa anyagot megosztani. Tilos pornogr\u00e1f (\u00e9s m\u00e1s hasonl\u00f3) anyagot megosztani. Tilos &hellip; <a href=\"https:\/\/1526.csaladfakonyv.hu\/?page_id=65\" class=\"more-link\"><span class=\"screen-reader-text\">Etikai k\u00f3dex<\/span> b\u0151vebben&#8230; <span class=\"meta-nav\">&rarr;<\/span><\/a><\/p>\n","protected":false},"author":1,"featured_media":0,"parent":42,"menu_order":1,"comment_status":"open","ping_status":"open","template":"","meta":[],"_links":{"self":[{"href":"https:\/\/1526.csaladfakonyv.hu\/index.php?rest_route=\/wp\/v2\/pages\/65"}],"collection":[{"href":"https:\/\/1526.csaladfakonyv.hu\/index.php?rest_route=\/wp\/v2\/pages"}],"about":[{"href":"https:\/\/1526.csaladfakonyv.hu\/index.php?rest_route=\/wp\/v2\/types\/page"}],"author":[{"embeddable":true,"href":"https:\/\/1526.csaladfakonyv.hu\/index.php?rest_route=\/wp\/v2\/users\/1"}],"replies":[{"embeddable":true,"href":"https:\/\/1526.csaladfakonyv.hu\/index.php?rest_route=%2Fwp%2Fv2%2Fcomments&post=65"}],"version-history":[{"count":4,"href":"https:\/\/1526.csaladfakonyv.hu\/index.php?rest_route=\/wp\/v2\/pages\/65\/revisions"}],"predecessor-version":[{"id":107,"href":"https:\/\/1526.csaladfakonyv.hu\/index.php?rest_route=\/wp\/v2\/pages\/65\/revisions\/107"}],"up":[{"embeddable":true,"href":"https:\/\/1526.csaladfakonyv.hu\/index.php?rest_route=\/wp\/v2\/pages\/42"}],"wp:attachment":[{"href":"https:\/\/1526.csaladfakonyv.hu\/index.php?rest_route=%2Fwp%2Fv2%2Fmedia&parent=65"}],"curies":[{"name":"wp","href":"https:\/\/api.w.org\/{rel}","templated":true}]}}