{"id":54,"date":"2014-08-19T10:28:08","date_gmt":"2014-08-19T08:28:08","guid":{"rendered":"http:\/\/1526.csaladfakonyv.hu\/?page_id=54"},"modified":"2018-08-16T15:49:16","modified_gmt":"2018-08-16T13:49:16","slug":"elerhetosegek","status":"publish","type":"page","link":"https:\/\/1526.csaladfakonyv.hu\/?page_id=54","title":{"rendered":"El\u00e9rhet\u0151s\u00e9gek"},"content":{"rendered":"<p>Dr. V\u00e1rkonyi Tibor<br \/>\n1023 Budapest, Frankel Le\u00f3 \u00fat 76.III.13.<br \/>\ne-mail: drvt@digitals.hu<br \/>\nT.\/F.: 00-36-1-269-4859<br \/>\nMobil: 06\/20\/333-9748<\/p>\n<p>T\u00e1rhelyszolg\u00e1ltat\u00f3nk:<\/p>\n<blockquote class=\"wp-embedded-content\" data-secret=\"t8asLwavXq\"><p><a href=\"https:\/\/www.silver-dragon.hu\/cegadatok\/\">C\u00e9gadatok<\/a><\/p><\/blockquote>\n<p><iframe class=\"wp-embedded-content\" sandbox=\"allow-scripts\" security=\"restricted\" style=\"position: absolute; clip: rect(1px, 1px, 1px, 1px);\" src=\"https:\/\/www.silver-dragon.hu\/cegadatok\/embed\/#?secret=t8asLwavXq\" data-secret=\"t8asLwavXq\" width=\"600\" height=\"338\" title=\"&#8220;C\u00e9gadatok&#8221; &#8212; Silver Dragon Kft.\" frameborder=\"0\" marginwidth=\"0\" marginheight=\"0\" scrolling=\"no\"><\/iframe><\/p>\n","protected":false},"excerpt":{"rendered":"<p>Dr. V\u00e1rkonyi Tibor 1023 Budapest, Frankel Le\u00f3 \u00fat 76.III.13. e-mail: drvt@digitals.hu T.\/F.: 00-36-1-269-4859 Mobil: 06\/20\/333-9748 T\u00e1rhelyszolg\u00e1ltat\u00f3nk: C\u00e9gadatok<\/p>\n","protected":false},"author":1,"featured_media":0,"parent":50,"menu_order":2,"comment_status":"open","ping_status":"open","template":"","meta":[],"_links":{"self":[{"href":"https:\/\/1526.csaladfakonyv.hu\/index.php?rest_route=\/wp\/v2\/pages\/54"}],"collection":[{"href":"https:\/\/1526.csaladfakonyv.hu\/index.php?rest_route=\/wp\/v2\/pages"}],"about":[{"href":"https:\/\/1526.csaladfakonyv.hu\/index.php?rest_route=\/wp\/v2\/types\/page"}],"author":[{"embeddable":true,"href":"https:\/\/1526.csaladfakonyv.hu\/index.php?rest_route=\/wp\/v2\/users\/1"}],"replies":[{"embeddable":true,"href":"https:\/\/1526.csaladfakonyv.hu\/index.php?rest_route=%2Fwp%2Fv2%2Fcomments&post=54"}],"version-history":[{"count":6,"href":"https:\/\/1526.csaladfakonyv.hu\/index.php?rest_route=\/wp\/v2\/pages\/54\/revisions"}],"predecessor-version":[{"id":396,"href":"https:\/\/1526.csaladfakonyv.hu\/index.php?rest_route=\/wp\/v2\/pages\/54\/revisions\/396"}],"up":[{"embeddable":true,"href":"https:\/\/1526.csaladfakonyv.hu\/index.php?rest_route=\/wp\/v2\/pages\/50"}],"wp:attachment":[{"href":"https:\/\/1526.csaladfakonyv.hu\/index.php?rest_route=%2Fwp%2Fv2%2Fmedia&parent=54"}],"curies":[{"name":"wp","href":"https:\/\/api.w.org\/{rel}","templated":true}]}}