{"id":24,"date":"2014-08-19T10:13:54","date_gmt":"2014-08-19T08:13:54","guid":{"rendered":"http:\/\/1526.csaladfakonyv.hu\/?page_id=24"},"modified":"2014-08-24T05:49:39","modified_gmt":"2014-08-24T03:49:39","slug":"ajanlott-honlapok","status":"publish","type":"page","link":"https:\/\/1526.csaladfakonyv.hu\/?page_id=24","title":{"rendered":"Honlapok, vide\u00f3k, k\u00f6nyvek, foly\u00f3iratok \u00e9s t\u00e9rk\u00e9pek"},"content":{"rendered":"<p><a href=\"http:\/\/1526.csaladfakonyv.hu\/wp-content\/uploads\/2014\/08\/lajoskoronmazasi-emlek-1544.jpg\"><img loading=\"lazy\" class=\"alignnone size-medium wp-image-220\" src=\"http:\/\/1526.csaladfakonyv.hu\/wp-content\/uploads\/2014\/08\/lajoskoronmazasi-emlek-1544-300x150.jpg\" alt=\"lajoskoronmazasi emlek 1544\" width=\"300\" height=\"150\" srcset=\"https:\/\/1526.csaladfakonyv.hu\/wp-content\/uploads\/2014\/08\/lajoskoronmazasi-emlek-1544-300x150.jpg 300w, https:\/\/1526.csaladfakonyv.hu\/wp-content\/uploads\/2014\/08\/lajoskoronmazasi-emlek-1544.jpg 800w\" sizes=\"(max-width: 300px) 100vw, 300px\" \/><\/a><\/p>\n","protected":false},"excerpt":{"rendered":"","protected":false},"author":1,"featured_media":0,"parent":0,"menu_order":4,"comment_status":"open","ping_status":"open","template":"","meta":[],"_links":{"self":[{"href":"https:\/\/1526.csaladfakonyv.hu\/index.php?rest_route=\/wp\/v2\/pages\/24"}],"collection":[{"href":"https:\/\/1526.csaladfakonyv.hu\/index.php?rest_route=\/wp\/v2\/pages"}],"about":[{"href":"https:\/\/1526.csaladfakonyv.hu\/index.php?rest_route=\/wp\/v2\/types\/page"}],"author":[{"embeddable":true,"href":"https:\/\/1526.csaladfakonyv.hu\/index.php?rest_route=\/wp\/v2\/users\/1"}],"replies":[{"embeddable":true,"href":"https:\/\/1526.csaladfakonyv.hu\/index.php?rest_route=%2Fwp%2Fv2%2Fcomments&post=24"}],"version-history":[{"count":7,"href":"https:\/\/1526.csaladfakonyv.hu\/index.php?rest_route=\/wp\/v2\/pages\/24\/revisions"}],"predecessor-version":[{"id":297,"href":"https:\/\/1526.csaladfakonyv.hu\/index.php?rest_route=\/wp\/v2\/pages\/24\/revisions\/297"}],"wp:attachment":[{"href":"https:\/\/1526.csaladfakonyv.hu\/index.php?rest_route=%2Fwp%2Fv2%2Fmedia&parent=24"}],"curies":[{"name":"wp","href":"https:\/\/api.w.org\/{rel}","templated":true}]}}