{"id":238,"date":"2014-08-21T09:45:02","date_gmt":"2014-08-21T07:45:02","guid":{"rendered":"http:\/\/1526.csaladfakonyv.hu\/?page_id=238"},"modified":"2014-08-21T10:02:40","modified_gmt":"2014-08-21T08:02:40","slug":"varak-templomok","status":"publish","type":"page","link":"https:\/\/1526.csaladfakonyv.hu\/?page_id=238","title":{"rendered":"V\u00e1rak, templomok"},"content":{"rendered":"<p>Beck\u00f3<br \/>\n<a class=\"moz-txt-link-freetext\" href=\"https:\/\/www.youtube.com\/watch?v=08wovvIQZ6Y\">https:\/\/www.youtube.com\/watch?v=08wovvIQZ6Y<\/a><\/p>\n<p>Boldogk\u0151<br \/>\n<a class=\"moz-txt-link-freetext\" href=\"https:\/\/www.youtube.com\/watch?v=udUBykyjVNs\">https:\/\/www.youtube.com\/watch?v=udUBykyjVNs<\/a><\/p>\n<p>Boz\u00f3ki v\u00e1r<br \/>\n<a class=\"moz-txt-link-freetext\" href=\"https:\/\/www.youtube.com\/watch?v=Co-df6HBCEY\">https:\/\/www.youtube.com\/watch?v=Co-df6HBCEY<\/a><\/p>\n<p>Csesznek<br \/>\n<a class=\"moz-txt-link-freetext\" href=\"https:\/\/www.youtube.com\/watch?v=DqATzRjeaF4\">https:\/\/www.youtube.com\/watch?v=DqATzRjeaF4<\/a><\/p>\n<p>Csob\u00e1nc<br \/>\n<a class=\"moz-txt-link-freetext\" href=\"https:\/\/www.youtube.com\/watch?v=df4B9iiAwQY\">https:\/\/www.youtube.com\/watch?v=df4B9iiAwQY<\/a><\/p>\n<p>Cs\u00f3kak\u0151<br \/>\n<a class=\"moz-txt-link-freetext\" href=\"https:\/\/www.youtube.com\/watch?v=JKZ_qrcxTP0\">https:\/\/www.youtube.com\/watch?v=JKZ_qrcxTP0<\/a><\/p>\n<p>Cs\u0151v\u00e1r<br \/>\n<a class=\"moz-txt-link-freetext\" href=\"https:\/\/www.youtube.com\/watch?v=_D_SDf4xNeo\">https:\/\/www.youtube.com\/watch?v=_D_SDf4xNeo<\/a><\/p>\n<p>D\u00e9va<br \/>\n<a class=\"moz-txt-link-freetext\" href=\"https:\/\/www.youtube.com\/watch?v=FvWy2lyNJZ0\">https:\/\/www.youtube.com\/watch?v=FvWy2lyNJZ0<\/a><\/p>\n<p>Di\u00f3sgy\u0151r<br \/>\n<a class=\"moz-txt-link-freetext\" href=\"https:\/\/www.youtube.com\/watch?v=eGVEMjxusvs\">https:\/\/www.youtube.com\/watch?v=eGVEMjxusvs<\/a><\/p>\n<p>Dr\u00e9gely<br \/>\n<a class=\"moz-txt-link-freetext\" href=\"https:\/\/www.youtube.com\/watch?v=6kqXeyDT7u0\">https:\/\/www.youtube.com\/watch?v=6kqXeyDT7u0<\/a><\/p>\n<p>Eger, 1552<br \/>\n<a href=\"http:\/\/www.youtube.com\/watch?v=yF4NREku0BQ\">http:\/\/www.youtube.com\/watch?v=yF4NREku0BQ<\/a><\/p>\n<p>F\u00fclek<br \/>\n<a class=\"moz-txt-link-freetext\" href=\"https:\/\/www.youtube.com\/watch?v=X60iTZ6Zq7E\">https:\/\/www.youtube.com\/watch?v=X60iTZ6Zq7E<\/a><\/p>\n<p>F\u00fcz\u00e9r<br \/>\n<a class=\"moz-txt-link-freetext\" href=\"https:\/\/www.youtube.com\/watch?v=ILi_wiMp5QI\">https:\/\/www.youtube.com\/watch?v=ILi_wiMp5QI<\/a><\/p>\n<p>Holl\u00f3k\u0151<br \/>\n<a class=\"moz-txt-link-freetext\" href=\"https:\/\/www.youtube.com\/watch?v=tEAuv_0f3rM\">https:\/\/www.youtube.com\/watch?v=tEAuv_0f3rM<\/a><\/p>\n<p>Huszt<br \/>\n<a class=\"moz-txt-link-freetext\" href=\"https:\/\/www.youtube.com\/watch?v=hjLEdCdWwy4\">https:\/\/www.youtube.com\/watch?v=hjLEdCdWwy4<\/a><\/p>\n<p>Kanizsa<br \/>\n<a class=\"moz-txt-link-freetext\" href=\"https:\/\/www.youtube.com\/watch?v=V_-CtYJ1w8Q\">https:\/\/www.youtube.com\/watch?v=V_-CtYJ1w8Q<\/a><\/p>\n<p>Lubl\u00f3<br \/>\n<a class=\"moz-txt-link-freetext\" href=\"https:\/\/www.youtube.com\/watch?v=J4fM3deDFnk\">https:\/\/www.youtube.com\/watch?v=J4fM3deDFnk<\/a><\/p>\n<p>Galamb\u00f3c<br \/>\n<a class=\"moz-txt-link-freetext\" href=\"https:\/\/www.youtube.com\/watch?v=eg9x0Ca5gEs\">https:\/\/www.youtube.com\/watch?v=eg9x0Ca5gEs<\/a><\/p>\n<p>Kisn\u00e1na<br \/>\n<a class=\"moz-txt-link-freetext\" href=\"https:\/\/www.youtube.com\/watch?v=Coo1431VQkM\">https:\/\/www.youtube.com\/watch?v=Coo1431VQkM<\/a><\/p>\n<p>M\u00e1r\u00e9<br \/>\n<a class=\"moz-txt-link-freetext\" href=\"https:\/\/www.youtube.com\/watch?v=_JsYE1zTtCM\">https:\/\/www.youtube.com\/watch?v=_JsYE1zTtCM<\/a><\/p>\n<p>Munk\u00e1cs<br \/>\n<a class=\"moz-txt-link-freetext\" href=\"https:\/\/www.youtube.com\/watch?v=EaCvHwuGM40\">https:\/\/www.youtube.com\/watch?v=EaCvHwuGM40<\/a><\/p>\n<p>Nagyv\u00e1zsony<br \/>\n<a class=\"moz-txt-link-freetext\" href=\"https:\/\/www.youtube.com\/watch?v=qNPCPWM9wD0\">https:\/\/www.youtube.com\/watch?v=qNPCPWM9wD0<\/a><\/p>\n<p>N\u00f3gr\u00e1d<br \/>\n<a class=\"moz-txt-link-freetext\" href=\"https:\/\/www.youtube.com\/watch?v=F_VkrHlC9NQ\">https:\/\/www.youtube.com\/watch?v=F_VkrHlC9NQ<\/a><\/p>\n<p>Ny\u00edrb\u00e1tor<br \/>\n<a class=\"moz-txt-link-freetext\" href=\"https:\/\/www.youtube.com\/watch?v=VFEOSvUEmXw\">https:\/\/www.youtube.com\/watch?v=VFEOSvUEmXw<\/a><\/p>\n<p>\u00d3buda<br \/>\n<a class=\"moz-txt-link-freetext\" href=\"https:\/\/www.youtube.com\/watch?v=0I7Ue1QzaNI\">https:\/\/www.youtube.com\/watch?v=0I7Ue1QzaNI<\/a><\/p>\n<p>\u00d3nod<br \/>\n<a class=\"moz-txt-link-freetext\" href=\"https:\/\/www.youtube.com\/watch?v=Llj-dJWATa4\">https:\/\/www.youtube.com\/watch?v=Llj-dJWATa4<\/a><\/p>\n<p>P\u00e9csv\u00e1rad<br \/>\n<a class=\"moz-txt-link-freetext\" href=\"https:\/\/www.youtube.com\/watch?v=Dx5whSI_hOM\">https:\/\/www.youtube.com\/watch?v=Dx5whSI_hOM<\/a><\/p>\n<p>Rajk<br \/>\n<a class=\"moz-txt-link-freetext\" href=\"https:\/\/www.youtube.com\/watch?v=e7LH-ez1Pj8\">https:\/\/www.youtube.com\/watch?v=e7LH-ez1Pj8<\/a><\/p>\n<p>Rezi<br \/>\n<a class=\"moz-txt-link-freetext\" href=\"https:\/\/www.youtube.com\/watch?v=_hS575MYcJg\">https:\/\/www.youtube.com\/watch?v=_hS575MYcJg<\/a><\/p>\n<p>R\u00e9kav\u00e1r<br \/>\n<a class=\"moz-txt-link-freetext\" href=\"https:\/\/www.youtube.com\/watch?v=3g5IlEvvrKg\">https:\/\/www.youtube.com\/watch?v=3g5IlEvvrKg<\/a><\/p>\n<p>S\u00e1ros<br \/>\n<a class=\"moz-txt-link-freetext\" href=\"https:\/\/www.youtube.com\/watch?v=F3vS-efplmk\">https:\/\/www.youtube.com\/watch?v=F3vS-efplmk<\/a><\/p>\n<p>Simontornya<br \/>\n<a class=\"moz-txt-link-freetext\" href=\"https:\/\/www.youtube.com\/watch?v=KThFILohdJ8\">https:\/\/www.youtube.com\/watch?v=KThFILohdJ8<\/a><\/p>\n<p>S\u00fcmeg<br \/>\n<a class=\"moz-txt-link-freetext\" href=\"https:\/\/www.youtube.com\/watch?v=xExlT6o3iyI\">https:\/\/www.youtube.com\/watch?v=xExlT6o3iyI<\/a><\/p>\n<p>Sz\u00e1dv\u00e1r<br \/>\n<a class=\"moz-txt-link-freetext\" href=\"https:\/\/www.youtube.com\/watch?v=nsn-rz3ZkiY\">https:\/\/www.youtube.com\/watch?v=nsn-rz3ZkiY<\/a><\/p>\n<p>Sz\u00e9kesfeh\u00e9rv\u00e1r<br \/>\n<a class=\"moz-txt-link-freetext\" href=\"https:\/\/www.youtube.com\/watch?v=EuPlGsRtWNY\">https:\/\/www.youtube.com\/watch?v=EuPlGsRtWNY<\/a><\/p>\n<p>Szigetv\u00e1r<br \/>\n<a href=\"https:\/\/www.youtube.com\/watch?v=8TQpOcYldJ8\">https:\/\/www.youtube.com\/watch?v=8TQpOcYldJ8<\/a><\/p>\n<p>Szigliget<br \/>\n<a class=\"moz-txt-link-freetext\" href=\"https:\/\/www.youtube.com\/watch?v=But1blIIYDs\">https:\/\/www.youtube.com\/watch?v=But1blIIYDs<\/a><\/p>\n<p>Szolnok<br \/>\n<a class=\"moz-txt-link-freetext\" href=\"https:\/\/www.youtube.com\/watch?v=UF38t9OrLCI\">https:\/\/www.youtube.com\/watch?v=UF38t9OrLCI<\/a><\/p>\n<p>Tata<br \/>\n<a class=\"moz-txt-link-freetext\" href=\"https:\/\/www.youtube.com\/watch?v=850Dy_pQaIE\">https:\/\/www.youtube.com\/watch?v=850Dy_pQaIE<\/a><\/p>\n<p>T\u00e1tika<br \/>\n<a class=\"moz-txt-link-freetext\" href=\"https:\/\/www.youtube.com\/watch?v=UdLWgYdBkhM\">https:\/\/www.youtube.com\/watch?v=UdLWgYdBkhM<\/a><\/p>\n<p>Tettye<br \/>\n<a class=\"moz-txt-link-freetext\" href=\"https:\/\/www.youtube.com\/watch?v=v4KLGGojz_8\">https:\/\/www.youtube.com\/watch?v=v4KLGGojz_8<\/a><\/p>\n<p>V\u00e1rpalota<br \/>\n<a class=\"moz-txt-link-freetext\" href=\"https:\/\/www.youtube.com\/watch?v=3PL117aEqu0\">https:\/\/www.youtube.com\/watch?v=3PL117aEqu0<\/a><\/p>\n<p>Visegr\u00e1d<br \/>\n<a class=\"moz-txt-link-freetext\" href=\"https:\/\/www.youtube.com\/watch?v=TktaAosj_T0\">https:\/\/www.youtube.com\/watch?v=TktaAosj_T0<\/a><\/p>\n<p>Vit\u00e1nyv\u00e1r<br \/>\n<a class=\"moz-txt-link-freetext\" href=\"https:\/\/www.youtube.com\/watch?v=eZS7_MdxxNw\">https:\/\/www.youtube.com\/watch?v=eZS7_MdxxNw<\/a><\/p>\n<p>Z\u00e1dorv\u00e1r<br \/>\n<a class=\"moz-txt-link-freetext\" href=\"https:\/\/www.youtube.com\/watch?v=tlP7yTbJBu0\">https:\/\/www.youtube.com\/watch?v=tlP7yTbJBu0<\/a><\/p>\n<p>Zbor\u00f3<br \/>\n<a class=\"moz-txt-link-freetext\" href=\"https:\/\/www.youtube.com\/watch?v=5R87IFEZ1Hc\">https:\/\/www.youtube.com\/watch?v=5R87IFEZ1Hc<\/a><\/p>\n<p>Zelna<br \/>\n<a class=\"moz-txt-link-freetext\" href=\"https:\/\/www.youtube.com\/watch?v=JF-V5Fac-Lk\">https:\/\/www.youtube.com\/watch?v=JF-V5Fac-Lk<\/a><\/p>\n<p>&nbsp;<\/p>\n","protected":false},"excerpt":{"rendered":"<p>Beck\u00f3 https:\/\/www.youtube.com\/watch?v=08wovvIQZ6Y Boldogk\u0151 https:\/\/www.youtube.com\/watch?v=udUBykyjVNs Boz\u00f3ki v\u00e1r https:\/\/www.youtube.com\/watch?v=Co-df6HBCEY Csesznek https:\/\/www.youtube.com\/watch?v=DqATzRjeaF4 Csob\u00e1nc https:\/\/www.youtube.com\/watch?v=df4B9iiAwQY Cs\u00f3kak\u0151 https:\/\/www.youtube.com\/watch?v=JKZ_qrcxTP0 Cs\u0151v\u00e1r https:\/\/www.youtube.com\/watch?v=_D_SDf4xNeo D\u00e9va https:\/\/www.youtube.com\/watch?v=FvWy2lyNJZ0 Di\u00f3sgy\u0151r https:\/\/www.youtube.com\/watch?v=eGVEMjxusvs Dr\u00e9gely https:\/\/www.youtube.com\/watch?v=6kqXeyDT7u0 Eger, 1552 http:\/\/www.youtube.com\/watch?v=yF4NREku0BQ F\u00fclek https:\/\/www.youtube.com\/watch?v=X60iTZ6Zq7E F\u00fcz\u00e9r https:\/\/www.youtube.com\/watch?v=ILi_wiMp5QI Holl\u00f3k\u0151 https:\/\/www.youtube.com\/watch?v=tEAuv_0f3rM Huszt https:\/\/www.youtube.com\/watch?v=hjLEdCdWwy4 Kanizsa https:\/\/www.youtube.com\/watch?v=V_-CtYJ1w8Q Lubl\u00f3 https:\/\/www.youtube.com\/watch?v=J4fM3deDFnk Galamb\u00f3c https:\/\/www.youtube.com\/watch?v=eg9x0Ca5gEs Kisn\u00e1na https:\/\/www.youtube.com\/watch?v=Coo1431VQkM M\u00e1r\u00e9 https:\/\/www.youtube.com\/watch?v=_JsYE1zTtCM Munk\u00e1cs https:\/\/www.youtube.com\/watch?v=EaCvHwuGM40 Nagyv\u00e1zsony https:\/\/www.youtube.com\/watch?v=qNPCPWM9wD0 N\u00f3gr\u00e1d https:\/\/www.youtube.com\/watch?v=F_VkrHlC9NQ Ny\u00edrb\u00e1tor https:\/\/www.youtube.com\/watch?v=VFEOSvUEmXw \u00d3buda https:\/\/www.youtube.com\/watch?v=0I7Ue1QzaNI \u00d3nod https:\/\/www.youtube.com\/watch?v=Llj-dJWATa4 P\u00e9csv\u00e1rad &hellip; <a href=\"https:\/\/1526.csaladfakonyv.hu\/?page_id=238\" class=\"more-link\"><span class=\"screen-reader-text\">V\u00e1rak, templomok<\/span> b\u0151vebben&#8230; <span class=\"meta-nav\">&rarr;<\/span><\/a><\/p>\n","protected":false},"author":1,"featured_media":0,"parent":20,"menu_order":4,"comment_status":"open","ping_status":"open","template":"","meta":[],"_links":{"self":[{"href":"https:\/\/1526.csaladfakonyv.hu\/index.php?rest_route=\/wp\/v2\/pages\/238"}],"collection":[{"href":"https:\/\/1526.csaladfakonyv.hu\/index.php?rest_route=\/wp\/v2\/pages"}],"about":[{"href":"https:\/\/1526.csaladfakonyv.hu\/index.php?rest_route=\/wp\/v2\/types\/page"}],"author":[{"embeddable":true,"href":"https:\/\/1526.csaladfakonyv.hu\/index.php?rest_route=\/wp\/v2\/users\/1"}],"replies":[{"embeddable":true,"href":"https:\/\/1526.csaladfakonyv.hu\/index.php?rest_route=%2Fwp%2Fv2%2Fcomments&post=238"}],"version-history":[{"count":5,"href":"https:\/\/1526.csaladfakonyv.hu\/index.php?rest_route=\/wp\/v2\/pages\/238\/revisions"}],"predecessor-version":[{"id":259,"href":"https:\/\/1526.csaladfakonyv.hu\/index.php?rest_route=\/wp\/v2\/pages\/238\/revisions\/259"}],"up":[{"embeddable":true,"href":"https:\/\/1526.csaladfakonyv.hu\/index.php?rest_route=\/wp\/v2\/pages\/20"}],"wp:attachment":[{"href":"https:\/\/1526.csaladfakonyv.hu\/index.php?rest_route=%2Fwp%2Fv2%2Fmedia&parent=238"}],"curies":[{"name":"wp","href":"https:\/\/api.w.org\/{rel}","templated":true}]}}