{"id":228,"date":"2014-08-20T07:08:22","date_gmt":"2014-08-20T05:08:22","guid":{"rendered":"http:\/\/1526.csaladfakonyv.hu\/?page_id=228"},"modified":"2014-08-20T07:08:22","modified_gmt":"2014-08-20T05:08:22","slug":"dedikalas","status":"publish","type":"page","link":"https:\/\/1526.csaladfakonyv.hu\/?page_id=228","title":{"rendered":"Dedik\u00e1l\u00e1s"},"content":{"rendered":"<p>K\u00e9r\u00e9sre a szerz\u0151 dedik\u00e1lja a k\u00f6nyv\u00e9t.<\/p>\n<p>Lepje meg saj\u00e1t mag\u00e1t, szeretteit egy szem\u00e9lyes dedik\u00e1ci\u00f3val!<\/p>\n<p>&nbsp;<\/p>\n","protected":false},"excerpt":{"rendered":"<p>K\u00e9r\u00e9sre a szerz\u0151 dedik\u00e1lja a k\u00f6nyv\u00e9t. Lepje meg saj\u00e1t mag\u00e1t, szeretteit egy szem\u00e9lyes dedik\u00e1ci\u00f3val! &nbsp;<\/p>\n","protected":false},"author":1,"featured_media":0,"parent":7,"menu_order":4,"comment_status":"open","ping_status":"open","template":"","meta":[],"_links":{"self":[{"href":"https:\/\/1526.csaladfakonyv.hu\/index.php?rest_route=\/wp\/v2\/pages\/228"}],"collection":[{"href":"https:\/\/1526.csaladfakonyv.hu\/index.php?rest_route=\/wp\/v2\/pages"}],"about":[{"href":"https:\/\/1526.csaladfakonyv.hu\/index.php?rest_route=\/wp\/v2\/types\/page"}],"author":[{"embeddable":true,"href":"https:\/\/1526.csaladfakonyv.hu\/index.php?rest_route=\/wp\/v2\/users\/1"}],"replies":[{"embeddable":true,"href":"https:\/\/1526.csaladfakonyv.hu\/index.php?rest_route=%2Fwp%2Fv2%2Fcomments&post=228"}],"version-history":[{"count":1,"href":"https:\/\/1526.csaladfakonyv.hu\/index.php?rest_route=\/wp\/v2\/pages\/228\/revisions"}],"predecessor-version":[{"id":229,"href":"https:\/\/1526.csaladfakonyv.hu\/index.php?rest_route=\/wp\/v2\/pages\/228\/revisions\/229"}],"up":[{"embeddable":true,"href":"https:\/\/1526.csaladfakonyv.hu\/index.php?rest_route=\/wp\/v2\/pages\/7"}],"wp:attachment":[{"href":"https:\/\/1526.csaladfakonyv.hu\/index.php?rest_route=%2Fwp%2Fv2%2Fmedia&parent=228"}],"curies":[{"name":"wp","href":"https:\/\/api.w.org\/{rel}","templated":true}]}}