{"id":193,"date":"2014-08-20T05:44:25","date_gmt":"2014-08-20T03:44:25","guid":{"rendered":"http:\/\/1526.csaladfakonyv.hu\/?page_id=193"},"modified":"2014-08-20T05:44:44","modified_gmt":"2014-08-20T03:44:44","slug":"barabas-miklos-es-a-degenfeld-gyerekek","status":"publish","type":"page","link":"https:\/\/1526.csaladfakonyv.hu\/?page_id=193","title":{"rendered":"Barab\u00e1s Mikl\u00f3s \u00e9s a Degenfeld gyerekek"},"content":{"rendered":"<p><a href=\"http:\/\/csaladfakonyv.hu\/wp-content\/uploads\/2013\/10\/Degenfeld-gyerekek.jpg\"><img loading=\"lazy\" class=\"alignnone size-medium wp-image-890\" src=\"http:\/\/csaladfakonyv.hu\/wp-content\/uploads\/2013\/10\/Degenfeld-gyerekek-224x300.jpg\" alt=\"Degenfeld gyerekek\" width=\"224\" height=\"300\" \/><\/a><\/p>\n<p>Mind a mai napig t\u00e9vesen haszn\u00e1lj\u00e1k Barab\u00e1s Mikl\u00f3s itt l\u00e1that\u00f3 festm\u00e9ny\u00e9nek elnevez\u00e9s\u00e9re a &#8220;Degenfeld csal\u00e1d&#8221; c\u00edmet.<\/p>\n<p>Az itt elolvashat\u00f3 tanulm\u00e1nyomban (Herman Ott\u00f3 M\u00fazeum \u00c9vk\u00f6nyve, 2005) igazs\u00e1g\u00fcgyi orvosszak\u00e9rt\u0151i vizsg\u00e1latokkal (\u00e9s m\u00e1s m\u00f3don) igazoltam, hogy a k\u00e9pen az \u00f6t Degenfeld-Schonburg testv\u00e9r l\u00e1that\u00f3, nem a sz\u00fcl\u0151k h\u00e1rom l\u00e1nyukkal. El\u00e9g nagy a k\u00fcl\u00f6nbs\u00e9g szerintem.<\/p>\n<p><a href=\"http:\/\/csaladfakonyv.hu\/wp-content\/uploads\/2013\/10\/BM1.jpg\"><img loading=\"lazy\" class=\"alignnone size-medium wp-image-892\" src=\"http:\/\/csaladfakonyv.hu\/wp-content\/uploads\/2013\/10\/BM1-196x300.jpg\" alt=\"BM1\" width=\"196\" height=\"300\" \/><\/a> <a href=\"http:\/\/csaladfakonyv.hu\/wp-content\/uploads\/2013\/10\/BM2.jpg\"><img loading=\"lazy\" class=\"alignnone size-medium wp-image-893\" src=\"http:\/\/csaladfakonyv.hu\/wp-content\/uploads\/2013\/10\/BM2-193x300.jpg\" alt=\"BM2\" width=\"193\" height=\"300\" \/><\/a> <a href=\"http:\/\/csaladfakonyv.hu\/wp-content\/uploads\/2013\/10\/BM3.jpg\"><img loading=\"lazy\" class=\"alignnone size-medium wp-image-894\" src=\"http:\/\/csaladfakonyv.hu\/wp-content\/uploads\/2013\/10\/BM3-199x300.jpg\" alt=\"BM3\" width=\"199\" height=\"300\" \/><\/a> <a href=\"http:\/\/csaladfakonyv.hu\/wp-content\/uploads\/2013\/10\/BM4.jpg\"><img loading=\"lazy\" class=\"alignnone size-medium wp-image-895\" src=\"http:\/\/csaladfakonyv.hu\/wp-content\/uploads\/2013\/10\/BM4-196x300.jpg\" alt=\"BM4\" width=\"196\" height=\"300\" \/><\/a> <a href=\"http:\/\/csaladfakonyv.hu\/wp-content\/uploads\/2013\/10\/BM5.jpg\"><img loading=\"lazy\" class=\"alignnone size-medium wp-image-896\" src=\"http:\/\/csaladfakonyv.hu\/wp-content\/uploads\/2013\/10\/BM5-194x300.jpg\" alt=\"BM5\" width=\"194\" height=\"300\" \/><\/a> <a href=\"http:\/\/csaladfakonyv.hu\/wp-content\/uploads\/2013\/10\/BM6.jpg\"><img loading=\"lazy\" class=\"alignnone size-medium wp-image-897\" src=\"http:\/\/csaladfakonyv.hu\/wp-content\/uploads\/2013\/10\/BM6-190x300.jpg\" alt=\"BM6\" width=\"190\" height=\"300\" \/><\/a> <a href=\"http:\/\/csaladfakonyv.hu\/wp-content\/uploads\/2013\/10\/BM7.jpg\"><img loading=\"lazy\" class=\"alignnone size-medium wp-image-898\" src=\"http:\/\/csaladfakonyv.hu\/wp-content\/uploads\/2013\/10\/BM7-192x300.jpg\" alt=\"BM7\" width=\"192\" height=\"300\" \/><\/a> <a href=\"http:\/\/csaladfakonyv.hu\/wp-content\/uploads\/2013\/10\/BM8.jpg\"><img loading=\"lazy\" class=\"alignnone size-medium wp-image-899\" src=\"http:\/\/csaladfakonyv.hu\/wp-content\/uploads\/2013\/10\/BM8-201x300.jpg\" alt=\"BM8\" width=\"201\" height=\"300\" \/><\/a><\/p>\n<p>A t\u00e9ma kiker\u00fclt a kutat\u00e1skori orvosszak\u00e9rt\u0151i vil\u00e1gkongresszusra is:<\/p>\n<p><a href=\"http:\/\/csaladfakonyv.hu\/wp-content\/uploads\/2013\/10\/Vilagkongresszus-Plakat-jo.jpg\"><img loading=\"lazy\" class=\"alignnone size-medium wp-image-1035\" src=\"http:\/\/csaladfakonyv.hu\/wp-content\/uploads\/2013\/10\/Vilagkongresszus-Plakat-jo-220x300.jpg\" alt=\"Vilagkongresszus Plakat jo\" width=\"220\" height=\"300\" \/><\/a><\/p>\n<p>Kinagy\u00edtva a r\u00e1nk vonatkoz\u00f3 r\u00e9sz:<\/p>\n<p><a href=\"http:\/\/csaladfakonyv.hu\/wp-content\/uploads\/2013\/10\/P1090945.jpg\"><img loading=\"lazy\" class=\"alignnone size-medium wp-image-1036\" src=\"http:\/\/csaladfakonyv.hu\/wp-content\/uploads\/2013\/10\/P1090945-300x199.jpg\" alt=\"P1090945\" width=\"300\" height=\"199\" \/><\/a><\/p>\n<p>Barab\u00e1s Mikl\u00f3sr\u00f3l itt olvashattok: <a href=\"http:\/\/hu.wikipedia.org\/wiki\/Barab%C3%A1s_Mikl%C3%B3s\">http:\/\/hu.wikipedia.org\/wiki\/Barab%C3%A1s_Mikl%C3%B3s<\/a><\/p>\n","protected":false},"excerpt":{"rendered":"<p>Mind a mai napig t\u00e9vesen haszn\u00e1lj\u00e1k Barab\u00e1s Mikl\u00f3s itt l\u00e1that\u00f3 festm\u00e9ny\u00e9nek elnevez\u00e9s\u00e9re a &#8220;Degenfeld csal\u00e1d&#8221; c\u00edmet. Az itt elolvashat\u00f3 tanulm\u00e1nyomban (Herman Ott\u00f3 M\u00fazeum \u00c9vk\u00f6nyve, 2005) igazs\u00e1g\u00fcgyi orvosszak\u00e9rt\u0151i vizsg\u00e1latokkal (\u00e9s m\u00e1s m\u00f3don) igazoltam, hogy a k\u00e9pen az \u00f6t Degenfeld-Schonburg testv\u00e9r l\u00e1that\u00f3, nem a sz\u00fcl\u0151k h\u00e1rom l\u00e1nyukkal. El\u00e9g nagy a k\u00fcl\u00f6nbs\u00e9g szerintem. A t\u00e9ma kiker\u00fclt a kutat\u00e1skori &hellip; <a href=\"https:\/\/1526.csaladfakonyv.hu\/?page_id=193\" class=\"more-link\"><span class=\"screen-reader-text\">Barab\u00e1s Mikl\u00f3s \u00e9s a Degenfeld gyerekek<\/span> b\u0151vebben&#8230; <span class=\"meta-nav\">&rarr;<\/span><\/a><\/p>\n","protected":false},"author":1,"featured_media":0,"parent":189,"menu_order":1,"comment_status":"open","ping_status":"open","template":"","meta":[],"_links":{"self":[{"href":"https:\/\/1526.csaladfakonyv.hu\/index.php?rest_route=\/wp\/v2\/pages\/193"}],"collection":[{"href":"https:\/\/1526.csaladfakonyv.hu\/index.php?rest_route=\/wp\/v2\/pages"}],"about":[{"href":"https:\/\/1526.csaladfakonyv.hu\/index.php?rest_route=\/wp\/v2\/types\/page"}],"author":[{"embeddable":true,"href":"https:\/\/1526.csaladfakonyv.hu\/index.php?rest_route=\/wp\/v2\/users\/1"}],"replies":[{"embeddable":true,"href":"https:\/\/1526.csaladfakonyv.hu\/index.php?rest_route=%2Fwp%2Fv2%2Fcomments&post=193"}],"version-history":[{"count":1,"href":"https:\/\/1526.csaladfakonyv.hu\/index.php?rest_route=\/wp\/v2\/pages\/193\/revisions"}],"predecessor-version":[{"id":194,"href":"https:\/\/1526.csaladfakonyv.hu\/index.php?rest_route=\/wp\/v2\/pages\/193\/revisions\/194"}],"up":[{"embeddable":true,"href":"https:\/\/1526.csaladfakonyv.hu\/index.php?rest_route=\/wp\/v2\/pages\/189"}],"wp:attachment":[{"href":"https:\/\/1526.csaladfakonyv.hu\/index.php?rest_route=%2Fwp%2Fv2%2Fmedia&parent=193"}],"curies":[{"name":"wp","href":"https:\/\/api.w.org\/{rel}","templated":true}]}}