{"id":186,"date":"2014-08-20T05:37:50","date_gmt":"2014-08-20T03:37:50","guid":{"rendered":"http:\/\/1526.csaladfakonyv.hu\/?page_id=186"},"modified":"2014-08-20T05:38:37","modified_gmt":"2014-08-20T03:38:37","slug":"heraldika-kiado-honlapjan","status":"publish","type":"page","link":"https:\/\/1526.csaladfakonyv.hu\/?page_id=186","title":{"rendered":"Heraldika Kiad\u00f3 honlapj\u00e1n"},"content":{"rendered":"<p>A kiad\u00f3 honlapj\u00e1n a k\u00f6nyv<\/p>\n<p><a href=\"http:\/\/heraldikakiado.hu\/konyvek\/csalad-tortenet-hatarok-nelkul.htm\">http:\/\/heraldikakiado.hu\/konyvek\/csalad-tortenet-hatarok-nelkul.htm<\/a><\/p>\n<p>F\u00fclsz\u00f6veg<\/p>\n<p>B\u00e1rdossy P\u00e9ter csal\u00e1dfakutat\u00f3 szerint \u201ek\u00e9tf\u00e9le ember l\u00e9tezik: aki m\u00e1r kutatta a csal\u00e1df\u00e1j\u00e1t \u00e9s aki ezut\u00e1n fogja. Dr V\u00e1rkonyi Tibor a k\u00f6nyv\u00e9vel bebizony\u00edtotta, hogy l\u00e9tezik egy harmadik t\u00edpus is, aki valamennyi\u00fcnk csal\u00e1df\u00e1j\u00e1t kutatja. Az olvas\u00f3 egy olyan k\u00f6nyvet vehet a kez\u00e9be, amely a maga nem\u00e9ben egyed\u00fcl\u00e1ll\u00f3 a magyar csal\u00e1dt\u00f6rt\u00e9nettel foglalkoz\u00f3 munk\u00e1k sor\u00e1ban. Az \u00edr\u00f3 abban a szerencs\u00e9s helyzetben van, hogy \u0151sei k\u00f6z\u00f6tt nemes csal\u00e1dokat is tudhat, \u00edgy \u2013 a b\u0151vebb forr\u00e1sok ok\u00e1n \u2013 az \u00e1tlagn\u00e1l t\u00e1volabb l\u00e1t a m\u00faltba, olyan messzes\u00e9gbe, mely m\u00e1r sz\u00e9d\u00edt\u0151 lehet. A nagy el\u0151d\u00f6k nyom\u00e1n j\u00e1r\u00f3 szerz\u0151 sz\u00e1mos t\u00e9ved\u00e9st \u00e9s hib\u00e1t jav\u00edtott ki, amelyek kor\u00e1bban megcsontosodta a szakirodalomban, ezek m ellett sok \u00faj adattal gazdag\u00edtotta a geneal\u00f3gia tudom\u00e1nya ir\u00e1nt \u00e9rdekl\u0151d\u0151k adatt\u00e1r\u00e1t. Valamennyien tudjuk, hogy \u0151seink sz\u00e1ma gener\u00e1ci\u00f3nk\u00e9nt dupl\u00e1z\u00f3dik, azonban csak id\u0151 k\u00e9rd\u00e9se, hogy k\u00e9t ember k\u00f6z\u00f6tt megtal\u00e1ljuk a rokons\u00e1got egy-egy k\u00f6z\u00f6s felmen\u0151 szem\u00e9ly\u00e9ben. Min\u00e9l t\u00e1volabb megy\u00fcnk vissza a m\u00faltba, ann\u00e1l t\u00f6bb ilyen kapcsolatot fedezhet\u00fcnk fel, \u00e9s ann\u00e1l er\u0151sebb\u00e9 v\u00e1lik benn\u00fcnk az a tudat, hogy valamennyien rokonok vagyunk. A v\u00e9rs\u00e9g ezer \u00e9s ezer sz\u00e1lon k\u00f6t \u00f6ssze benn\u00fcnket.\u201e<br \/>\n\u201eAz \u0151sjegyz\u00e9k 60 nemzed\u00e9ken \u00e1t t\u00e1rja fel a lehets\u00e9ges \u0151s\u00f6ket \u00e9s \u00e1ltaluk megelevenedik nemcsak a magyar, de az eur\u00f3pai t\u00f6rt\u00e9nelem is. Az els\u0151 dinaszti\u00e1k: az \u00c1rp\u00e1dh\u00e1zt\u00f3l a Z\u00e4hringenekig, cs\u00e1sz\u00e1rok, kir\u00e1lyok, fejedelmek, hadvez\u00e9rek, az orsz\u00e1g f\u0151m\u00e9lt\u00f3s\u00e1gai: n\u00e1dorok, orsz\u00e1gb\u00edr\u00e1k, z\u00e1szl\u00f3surak \u00e9s sorolhatn\u00e1m. \u2013 \u00edrja Gudenus J\u00e1nos J\u00f3zsef csal\u00e1dt\u00f6rt\u00e9neti \u00edr\u00f3 &#8211; A t\u00e1voli m\u00faltt\u00f3l eg\u00e9szen a k\u00f6zelm\u00falt t\u00f6rt\u00e9nelm\u00e9ig. A csal\u00e1di kapcsolatok r\u00e9v\u00e9n m\u00e1sok is r\u00e1bukkanhatnak a k\u00f6z\u00f6s \u0151s\u00f6kre, ez\u00e9rt ezt a m\u0171vet nemcsak a szakmabelieknek aj\u00e1nlhatom, hanem mindazoknak is, akik keresik az \u0151seiket, h\u00e1tha tal\u00e1lnak egy vagy t\u00f6bb sz\u00e1lat, amely elvezet hozz\u00e1juk. Magamr\u00f3l sz\u00f3lva: \u00e9n tal\u00e1ltam.<br \/>\nA szerz\u0151 a legmodernebb orvosszak\u00e9rt\u0151i, genetikai \u00e9s egy\u00e9b vizsg\u00e1latokat is felhaszn\u00e1lta a k\u00f6nyv val\u00f3s\u00e1gtartalm\u00e1nak bizony\u00edt\u00e1s\u00e1ra, amely egyben \u00fatt\u00f6r\u0151en \u00fatmutat\u00f3 olyan \u00e9rdekl\u0151d\u0151k sz\u00e1m\u00e1ra, akik saj\u00e1t \u0151seik t\u00f6rt\u00e9net\u00e9t k\u00edv\u00e1nj\u00e1k feldolgozni;<br \/>\nIgazolja a genetikusok vizsg\u00e1lati eredm\u00e9nyeit, amely a magyars\u00e1g g\u00e9n\u00e1llom\u00e1ny\u00e1nak eredet\u00e9re vonatkoznak.<br \/>\nSzak\u00edt a hagyom\u00e1nyos geneal\u00f3giai szeml\u00e9lettel, mely szerint \u00e1ltal\u00e1ban a fi\u00e1gi lesz\u00e1rmaz\u00e1s \u00e9rdemes a figyelemre, helyette az eddig felder\u00edtetlen n\u0151i \u00e1g\u00fa lesz\u00e1rmaz\u00e1sokra kiemelt hangs\u00falyt fektet, \u00edgy teremt meg egy eddig ismeretlen egyens\u00falyt a geneal\u00f3gi\u00e1ban.<\/p>\n","protected":false},"excerpt":{"rendered":"<p>A kiad\u00f3 honlapj\u00e1n a k\u00f6nyv http:\/\/heraldikakiado.hu\/konyvek\/csalad-tortenet-hatarok-nelkul.htm F\u00fclsz\u00f6veg B\u00e1rdossy P\u00e9ter csal\u00e1dfakutat\u00f3 szerint \u201ek\u00e9tf\u00e9le ember l\u00e9tezik: aki m\u00e1r kutatta a csal\u00e1df\u00e1j\u00e1t \u00e9s aki ezut\u00e1n fogja. Dr V\u00e1rkonyi Tibor a k\u00f6nyv\u00e9vel bebizony\u00edtotta, hogy l\u00e9tezik egy harmadik t\u00edpus is, aki valamennyi\u00fcnk csal\u00e1df\u00e1j\u00e1t kutatja. Az olvas\u00f3 egy olyan k\u00f6nyvet vehet a kez\u00e9be, amely a maga nem\u00e9ben egyed\u00fcl\u00e1ll\u00f3 a magyar csal\u00e1dt\u00f6rt\u00e9nettel &hellip; <a href=\"https:\/\/1526.csaladfakonyv.hu\/?page_id=186\" class=\"more-link\"><span class=\"screen-reader-text\">Heraldika Kiad\u00f3 honlapj\u00e1n<\/span> b\u0151vebben&#8230; <span class=\"meta-nav\">&rarr;<\/span><\/a><\/p>\n","protected":false},"author":1,"featured_media":0,"parent":181,"menu_order":2,"comment_status":"open","ping_status":"open","template":"","meta":[],"_links":{"self":[{"href":"https:\/\/1526.csaladfakonyv.hu\/index.php?rest_route=\/wp\/v2\/pages\/186"}],"collection":[{"href":"https:\/\/1526.csaladfakonyv.hu\/index.php?rest_route=\/wp\/v2\/pages"}],"about":[{"href":"https:\/\/1526.csaladfakonyv.hu\/index.php?rest_route=\/wp\/v2\/types\/page"}],"author":[{"embeddable":true,"href":"https:\/\/1526.csaladfakonyv.hu\/index.php?rest_route=\/wp\/v2\/users\/1"}],"replies":[{"embeddable":true,"href":"https:\/\/1526.csaladfakonyv.hu\/index.php?rest_route=%2Fwp%2Fv2%2Fcomments&post=186"}],"version-history":[{"count":1,"href":"https:\/\/1526.csaladfakonyv.hu\/index.php?rest_route=\/wp\/v2\/pages\/186\/revisions"}],"predecessor-version":[{"id":187,"href":"https:\/\/1526.csaladfakonyv.hu\/index.php?rest_route=\/wp\/v2\/pages\/186\/revisions\/187"}],"up":[{"embeddable":true,"href":"https:\/\/1526.csaladfakonyv.hu\/index.php?rest_route=\/wp\/v2\/pages\/181"}],"wp:attachment":[{"href":"https:\/\/1526.csaladfakonyv.hu\/index.php?rest_route=%2Fwp%2Fv2%2Fmedia&parent=186"}],"curies":[{"name":"wp","href":"https:\/\/api.w.org\/{rel}","templated":true}]}}