{"id":175,"date":"2014-08-20T05:28:00","date_gmt":"2014-08-20T03:28:00","guid":{"rendered":"http:\/\/1526.csaladfakonyv.hu\/?page_id=175"},"modified":"2014-08-20T05:29:26","modified_gmt":"2014-08-20T03:29:26","slug":"sara-hagar-es-maria-fiai","status":"publish","type":"page","link":"https:\/\/1526.csaladfakonyv.hu\/?page_id=175","title":{"rendered":"S\u00e1ra, H\u00e1g\u00e1r \u00e9s M\u00e1ria fiai"},"content":{"rendered":"<p>Ezt a k\u00f6nyvet Waldmann Tibor \u00edr\u00f3i \u00e1ln\u00e9v alatt adtam ki. Az \u00edr\u00f3i n\u00e9v megegyezik az eredeti csal\u00e1di nevemmel, mely 1945-ben ker\u00fclt megv\u00e1ltoztat\u00e1sra.<\/p>\n<p>Itt l\u00e1that\u00f3 a k\u00f6nyv &#8220;besz\u00e9des&#8221; bor\u00edt\u00f3ja, V\u00e1rkonyi Gy\u00f6rgy munk\u00e1ja. Figyelj\u00fcnk fel a hajfonatra, \u00e9s arra, ami benne van.<\/p>\n<p><a href=\"http:\/\/csaladfakonyv.hu\/wp-content\/uploads\/2013\/09\/BoritoTeljesJPG.jpg\"><img loading=\"lazy\" class=\"alignnone size-medium wp-image-445\" src=\"http:\/\/csaladfakonyv.hu\/wp-content\/uploads\/2013\/09\/BoritoTeljesJPG-300x185.jpg\" alt=\"BoritoTeljesJPG\" width=\"300\" height=\"185\" \/><\/a><\/p>\n<p>A N\u0151k Lapja aj\u00e1nl\u00f3j\u00e1ban:<\/p>\n<p><a href=\"http:\/\/csaladfakonyv.hu\/wp-content\/uploads\/2013\/09\/Nok-Lapja.jpg\"><img loading=\"lazy\" class=\"alignnone size-medium wp-image-449\" src=\"http:\/\/csaladfakonyv.hu\/wp-content\/uploads\/2013\/09\/Nok-Lapja-211x300.jpg\" alt=\"Nok Lapja\" width=\"211\" height=\"300\" \/><\/a><\/p>\n<p>Moly oldal\u00e1n:<\/p>\n<p><a href=\"http:\/\/moly.hu\/konyvek\/waldmann-tibor-sara-hagar-es-maria-fiai\">http:\/\/moly.hu\/konyvek\/waldmann-tibor-sara-hagar-es-maria-fiai<\/a><\/p>\n<p>Igen nagy megtiszteltet\u00e9s volt sz\u00e1momra, hogy Erd\u0151 P\u00e9ter befogadta a k\u00f6nyvemet.<\/p>\n<p><a href=\"http:\/\/csaladfakonyv.hu\/wp-content\/uploads\/2013\/09\/Erdo-Peter.jpg\"><img loading=\"lazy\" class=\"alignnone size-medium wp-image-452\" src=\"http:\/\/csaladfakonyv.hu\/wp-content\/uploads\/2013\/09\/Erdo-Peter-207x300.jpg\" alt=\"Erdo Peter\" width=\"207\" height=\"300\" \/><\/a><\/p>\n","protected":false},"excerpt":{"rendered":"<p>Ezt a k\u00f6nyvet Waldmann Tibor \u00edr\u00f3i \u00e1ln\u00e9v alatt adtam ki. Az \u00edr\u00f3i n\u00e9v megegyezik az eredeti csal\u00e1di nevemmel, mely 1945-ben ker\u00fclt megv\u00e1ltoztat\u00e1sra. Itt l\u00e1that\u00f3 a k\u00f6nyv &#8220;besz\u00e9des&#8221; bor\u00edt\u00f3ja, V\u00e1rkonyi Gy\u00f6rgy munk\u00e1ja. Figyelj\u00fcnk fel a hajfonatra, \u00e9s arra, ami benne van. A N\u0151k Lapja aj\u00e1nl\u00f3j\u00e1ban: Moly oldal\u00e1n: http:\/\/moly.hu\/konyvek\/waldmann-tibor-sara-hagar-es-maria-fiai Igen nagy megtiszteltet\u00e9s volt sz\u00e1momra, hogy Erd\u0151 P\u00e9ter &hellip; <a href=\"https:\/\/1526.csaladfakonyv.hu\/?page_id=175\" class=\"more-link\"><span class=\"screen-reader-text\">S\u00e1ra, H\u00e1g\u00e1r \u00e9s M\u00e1ria fiai<\/span> b\u0151vebben&#8230; <span class=\"meta-nav\">&rarr;<\/span><\/a><\/p>\n","protected":false},"author":1,"featured_media":0,"parent":60,"menu_order":1,"comment_status":"open","ping_status":"open","template":"","meta":[],"_links":{"self":[{"href":"https:\/\/1526.csaladfakonyv.hu\/index.php?rest_route=\/wp\/v2\/pages\/175"}],"collection":[{"href":"https:\/\/1526.csaladfakonyv.hu\/index.php?rest_route=\/wp\/v2\/pages"}],"about":[{"href":"https:\/\/1526.csaladfakonyv.hu\/index.php?rest_route=\/wp\/v2\/types\/page"}],"author":[{"embeddable":true,"href":"https:\/\/1526.csaladfakonyv.hu\/index.php?rest_route=\/wp\/v2\/users\/1"}],"replies":[{"embeddable":true,"href":"https:\/\/1526.csaladfakonyv.hu\/index.php?rest_route=%2Fwp%2Fv2%2Fcomments&post=175"}],"version-history":[{"count":2,"href":"https:\/\/1526.csaladfakonyv.hu\/index.php?rest_route=\/wp\/v2\/pages\/175\/revisions"}],"predecessor-version":[{"id":180,"href":"https:\/\/1526.csaladfakonyv.hu\/index.php?rest_route=\/wp\/v2\/pages\/175\/revisions\/180"}],"up":[{"embeddable":true,"href":"https:\/\/1526.csaladfakonyv.hu\/index.php?rest_route=\/wp\/v2\/pages\/60"}],"wp:attachment":[{"href":"https:\/\/1526.csaladfakonyv.hu\/index.php?rest_route=%2Fwp%2Fv2%2Fmedia&parent=175"}],"curies":[{"name":"wp","href":"https:\/\/api.w.org\/{rel}","templated":true}]}}