{"id":145,"date":"2014-08-19T16:58:19","date_gmt":"2014-08-19T14:58:19","guid":{"rendered":"http:\/\/1526.csaladfakonyv.hu\/?page_id=145"},"modified":"2014-08-21T10:00:56","modified_gmt":"2014-08-21T08:00:56","slug":"egyeb-fontos-videok","status":"publish","type":"page","link":"https:\/\/1526.csaladfakonyv.hu\/?page_id=145","title":{"rendered":"Egy\u00e9b fontos vide\u00f3k"},"content":{"rendered":"<p>Szulejm\u00e1n szult\u00e1n hadj\u00e1ratait feldolgoz\u00f3 r\u00f6vid film:<\/p>\n<p><a href=\"https:\/\/www.youtube.com\/watch?v=kssrCrZm62w\">https:\/\/www.youtube.com\/watch?v=kssrCrZm62w<\/a><\/p>\n<p>Gyula ostroma, 1566<\/p>\n<p><a href=\"https:\/\/www.youtube.com\/watch?v=SFtRj_SD2u0\">https:\/\/www.youtube.com\/watch?v=SFtRj_SD2u0<\/a><\/p>\n<p>Szent Korona t\u00f6rt\u00e9nete 1526 ut\u00e1n<\/p>\n<p><a href=\"https:\/\/www.youtube.com\/watch?v=qGrMZ5QwXmY\">https:\/\/www.youtube.com\/watch?v=qGrMZ5QwXmY<\/a><\/p>\n<p>&#8230; \u00e9s v\u00e9gezet\u00fcl csod\u00e1s k\u00e9pek az utols\u00f3 magyar kir\u00e1ly koron\u00e1z\u00e1s\u00e1r\u00f3l<\/p>\n<p><a href=\"https:\/\/www.youtube.com\/watch?v=DVs00Jx92FM#t=14\">https:\/\/www.youtube.com\/watch?v=DVs00Jx92FM#t=14<\/a><\/p>\n","protected":false},"excerpt":{"rendered":"<p>Szulejm\u00e1n szult\u00e1n hadj\u00e1ratait feldolgoz\u00f3 r\u00f6vid film: https:\/\/www.youtube.com\/watch?v=kssrCrZm62w Gyula ostroma, 1566 https:\/\/www.youtube.com\/watch?v=SFtRj_SD2u0 Szent Korona t\u00f6rt\u00e9nete 1526 ut\u00e1n https:\/\/www.youtube.com\/watch?v=qGrMZ5QwXmY &#8230; \u00e9s v\u00e9gezet\u00fcl csod\u00e1s k\u00e9pek az utols\u00f3 magyar kir\u00e1ly koron\u00e1z\u00e1s\u00e1r\u00f3l https:\/\/www.youtube.com\/watch?v=DVs00Jx92FM#t=14<\/p>\n","protected":false},"author":1,"featured_media":0,"parent":20,"menu_order":5,"comment_status":"open","ping_status":"open","template":"","meta":[],"_links":{"self":[{"href":"https:\/\/1526.csaladfakonyv.hu\/index.php?rest_route=\/wp\/v2\/pages\/145"}],"collection":[{"href":"https:\/\/1526.csaladfakonyv.hu\/index.php?rest_route=\/wp\/v2\/pages"}],"about":[{"href":"https:\/\/1526.csaladfakonyv.hu\/index.php?rest_route=\/wp\/v2\/types\/page"}],"author":[{"embeddable":true,"href":"https:\/\/1526.csaladfakonyv.hu\/index.php?rest_route=\/wp\/v2\/users\/1"}],"replies":[{"embeddable":true,"href":"https:\/\/1526.csaladfakonyv.hu\/index.php?rest_route=%2Fwp%2Fv2%2Fcomments&post=145"}],"version-history":[{"count":5,"href":"https:\/\/1526.csaladfakonyv.hu\/index.php?rest_route=\/wp\/v2\/pages\/145\/revisions"}],"predecessor-version":[{"id":258,"href":"https:\/\/1526.csaladfakonyv.hu\/index.php?rest_route=\/wp\/v2\/pages\/145\/revisions\/258"}],"up":[{"embeddable":true,"href":"https:\/\/1526.csaladfakonyv.hu\/index.php?rest_route=\/wp\/v2\/pages\/20"}],"wp:attachment":[{"href":"https:\/\/1526.csaladfakonyv.hu\/index.php?rest_route=%2Fwp%2Fv2%2Fmedia&parent=145"}],"curies":[{"name":"wp","href":"https:\/\/api.w.org\/{rel}","templated":true}]}}