{"id":137,"date":"2014-08-19T16:47:18","date_gmt":"2014-08-19T14:47:18","guid":{"rendered":"http:\/\/1526.csaladfakonyv.hu\/?page_id=137"},"modified":"2014-08-19T17:00:04","modified_gmt":"2014-08-19T15:00:04","slug":"magyarorszag-tortenete-sorozat","status":"publish","type":"page","link":"https:\/\/1526.csaladfakonyv.hu\/?page_id=137","title":{"rendered":"Magyarorsz\u00e1g T\u00f6rt\u00e9nete sorozat 1490-1566 k\u00f6z\u00f6tti id\u0151szakot fel\u00f6lel\u0151 r\u00e9szei"},"content":{"rendered":"<p>Magyarorsz\u00e1g T\u00f6rt\u00e9nete 15. r\u00e9sz &#8211; A Jagell\u00f3-kor<\/p>\n<p><a href=\"https:\/\/www.youtube.com\/watch?v=4jsoPIBeVLU\">https:\/\/www.youtube.com\/watch?v=4jsoPIBeVLU<\/a><\/p>\n<p>Magyarorsz\u00e1g T\u00f6rt\u00e9nete 16. r\u00e9sz &#8211; A K\u00f6z\u00e9pkor V\u00e9ge<\/p>\n<p><a href=\"https:\/\/www.youtube.com\/watch?v=ZsVpplW_Ht4\">https:\/\/www.youtube.com\/watch?v=ZsVpplW_Ht4<\/a><\/p>\n<p>Magyarorsz\u00e1g T\u00f6rt\u00e9nete 17. r\u00e9sz &#8211; Az Orsz\u00e1g H\u00e1rom R\u00e9szre Szakad\u00e1sa<\/p>\n<p><a href=\"https:\/\/www.youtube.com\/watch?v=8zksdZlM1js\">https:\/\/www.youtube.com\/watch?v=8zksdZlM1js<\/a><\/p>\n<p>Magyarorsz\u00e1g T\u00f6rt\u00e9nete 18. r\u00e9sz &#8211; \u00c9let A T\u00f6r\u00f6k F\u00e9lhold \u00c1rny\u00e9k\u00e1ban<\/p>\n<p><a href=\"https:\/\/www.youtube.com\/watch?v=YOoyrH2F2Yg\">https:\/\/www.youtube.com\/watch?v=YOoyrH2F2Yg<\/a><\/p>\n<p>Magyarorsz\u00e1g T\u00f6rt\u00e9nete 19. r\u00e9sz &#8211; Roml\u00e1s \u00c9s Ki\u00fatkeres\u00e9s<\/p>\n<p><a href=\"https:\/\/www.youtube.com\/watch?v=Q8LqlbsX2uA\">https:\/\/www.youtube.com\/watch?v=Q8LqlbsX2uA<\/a><\/p>\n<p>&#8230; \u00e9s hallgass\u00e1tok meg a Republic dal\u00e1t: <a href=\"http:\/\/www.youtube.com\/watch?v=Fhea3JoB0E4\">http:\/\/www.youtube.com\/watch?v=Fhea3JoB0E4<\/a><\/p>\n<p>&nbsp;<\/p>\n","protected":false},"excerpt":{"rendered":"<p>Magyarorsz\u00e1g T\u00f6rt\u00e9nete 15. r\u00e9sz &#8211; A Jagell\u00f3-kor https:\/\/www.youtube.com\/watch?v=4jsoPIBeVLU Magyarorsz\u00e1g T\u00f6rt\u00e9nete 16. r\u00e9sz &#8211; A K\u00f6z\u00e9pkor V\u00e9ge https:\/\/www.youtube.com\/watch?v=ZsVpplW_Ht4 Magyarorsz\u00e1g T\u00f6rt\u00e9nete 17. r\u00e9sz &#8211; Az Orsz\u00e1g H\u00e1rom R\u00e9szre Szakad\u00e1sa https:\/\/www.youtube.com\/watch?v=8zksdZlM1js Magyarorsz\u00e1g T\u00f6rt\u00e9nete 18. r\u00e9sz &#8211; \u00c9let A T\u00f6r\u00f6k F\u00e9lhold \u00c1rny\u00e9k\u00e1ban https:\/\/www.youtube.com\/watch?v=YOoyrH2F2Yg Magyarorsz\u00e1g T\u00f6rt\u00e9nete 19. r\u00e9sz &#8211; Roml\u00e1s \u00c9s Ki\u00fatkeres\u00e9s https:\/\/www.youtube.com\/watch?v=Q8LqlbsX2uA &#8230; \u00e9s hallgass\u00e1tok meg a Republic dal\u00e1t: &hellip; <a href=\"https:\/\/1526.csaladfakonyv.hu\/?page_id=137\" class=\"more-link\"><span class=\"screen-reader-text\">Magyarorsz\u00e1g T\u00f6rt\u00e9nete sorozat 1490-1566 k\u00f6z\u00f6tti id\u0151szakot fel\u00f6lel\u0151 r\u00e9szei<\/span> b\u0151vebben&#8230; <span class=\"meta-nav\">&rarr;<\/span><\/a><\/p>\n","protected":false},"author":1,"featured_media":0,"parent":20,"menu_order":3,"comment_status":"open","ping_status":"open","template":"","meta":[],"_links":{"self":[{"href":"https:\/\/1526.csaladfakonyv.hu\/index.php?rest_route=\/wp\/v2\/pages\/137"}],"collection":[{"href":"https:\/\/1526.csaladfakonyv.hu\/index.php?rest_route=\/wp\/v2\/pages"}],"about":[{"href":"https:\/\/1526.csaladfakonyv.hu\/index.php?rest_route=\/wp\/v2\/types\/page"}],"author":[{"embeddable":true,"href":"https:\/\/1526.csaladfakonyv.hu\/index.php?rest_route=\/wp\/v2\/users\/1"}],"replies":[{"embeddable":true,"href":"https:\/\/1526.csaladfakonyv.hu\/index.php?rest_route=%2Fwp%2Fv2%2Fcomments&post=137"}],"version-history":[{"count":6,"href":"https:\/\/1526.csaladfakonyv.hu\/index.php?rest_route=\/wp\/v2\/pages\/137\/revisions"}],"predecessor-version":[{"id":147,"href":"https:\/\/1526.csaladfakonyv.hu\/index.php?rest_route=\/wp\/v2\/pages\/137\/revisions\/147"}],"up":[{"embeddable":true,"href":"https:\/\/1526.csaladfakonyv.hu\/index.php?rest_route=\/wp\/v2\/pages\/20"}],"wp:attachment":[{"href":"https:\/\/1526.csaladfakonyv.hu\/index.php?rest_route=%2Fwp%2Fv2%2Fmedia&parent=137"}],"curies":[{"name":"wp","href":"https:\/\/api.w.org\/{rel}","templated":true}]}}