{"id":124,"date":"2014-08-19T16:23:32","date_gmt":"2014-08-19T14:23:32","guid":{"rendered":"http:\/\/1526.csaladfakonyv.hu\/?page_id=124"},"modified":"2014-08-19T16:23:32","modified_gmt":"2014-08-19T14:23:32","slug":"fourak-nemesek-1490-1566-kozott","status":"publish","type":"page","link":"https:\/\/1526.csaladfakonyv.hu\/?page_id=124","title":{"rendered":"F\u0151urak, nemesek 1490-1566 k\u00f6z\u00f6tt"},"content":{"rendered":"","protected":false},"excerpt":{"rendered":"","protected":false},"author":1,"featured_media":0,"parent":111,"menu_order":6,"comment_status":"open","ping_status":"open","template":"","meta":[],"_links":{"self":[{"href":"https:\/\/1526.csaladfakonyv.hu\/index.php?rest_route=\/wp\/v2\/pages\/124"}],"collection":[{"href":"https:\/\/1526.csaladfakonyv.hu\/index.php?rest_route=\/wp\/v2\/pages"}],"about":[{"href":"https:\/\/1526.csaladfakonyv.hu\/index.php?rest_route=\/wp\/v2\/types\/page"}],"author":[{"embeddable":true,"href":"https:\/\/1526.csaladfakonyv.hu\/index.php?rest_route=\/wp\/v2\/users\/1"}],"replies":[{"embeddable":true,"href":"https:\/\/1526.csaladfakonyv.hu\/index.php?rest_route=%2Fwp%2Fv2%2Fcomments&post=124"}],"version-history":[{"count":1,"href":"https:\/\/1526.csaladfakonyv.hu\/index.php?rest_route=\/wp\/v2\/pages\/124\/revisions"}],"predecessor-version":[{"id":125,"href":"https:\/\/1526.csaladfakonyv.hu\/index.php?rest_route=\/wp\/v2\/pages\/124\/revisions\/125"}],"up":[{"embeddable":true,"href":"https:\/\/1526.csaladfakonyv.hu\/index.php?rest_route=\/wp\/v2\/pages\/111"}],"wp:attachment":[{"href":"https:\/\/1526.csaladfakonyv.hu\/index.php?rest_route=%2Fwp%2Fv2%2Fmedia&parent=124"}],"curies":[{"name":"wp","href":"https:\/\/api.w.org\/{rel}","templated":true}]}}