{"id":113,"date":"2014-08-19T16:15:58","date_gmt":"2014-08-19T14:15:58","guid":{"rendered":"http:\/\/1526.csaladfakonyv.hu\/?page_id=113"},"modified":"2014-08-19T16:16:49","modified_gmt":"2014-08-19T14:16:49","slug":"mennyiben-felelos-matyas-kiraly-az-1490-utani-esemenyek-miatt","status":"publish","type":"page","link":"https:\/\/1526.csaladfakonyv.hu\/?page_id=113","title":{"rendered":"Felel\u0151s-e M\u00e1ty\u00e1s kir\u00e1ly az 1490 ut\u00e1ni esem\u00e9nyek\u00e9rt?"},"content":{"rendered":"","protected":false},"excerpt":{"rendered":"","protected":false},"author":1,"featured_media":0,"parent":111,"menu_order":1,"comment_status":"open","ping_status":"open","template":"","meta":[],"_links":{"self":[{"href":"https:\/\/1526.csaladfakonyv.hu\/index.php?rest_route=\/wp\/v2\/pages\/113"}],"collection":[{"href":"https:\/\/1526.csaladfakonyv.hu\/index.php?rest_route=\/wp\/v2\/pages"}],"about":[{"href":"https:\/\/1526.csaladfakonyv.hu\/index.php?rest_route=\/wp\/v2\/types\/page"}],"author":[{"embeddable":true,"href":"https:\/\/1526.csaladfakonyv.hu\/index.php?rest_route=\/wp\/v2\/users\/1"}],"replies":[{"embeddable":true,"href":"https:\/\/1526.csaladfakonyv.hu\/index.php?rest_route=%2Fwp%2Fv2%2Fcomments&post=113"}],"version-history":[{"count":2,"href":"https:\/\/1526.csaladfakonyv.hu\/index.php?rest_route=\/wp\/v2\/pages\/113\/revisions"}],"predecessor-version":[{"id":115,"href":"https:\/\/1526.csaladfakonyv.hu\/index.php?rest_route=\/wp\/v2\/pages\/113\/revisions\/115"}],"up":[{"embeddable":true,"href":"https:\/\/1526.csaladfakonyv.hu\/index.php?rest_route=\/wp\/v2\/pages\/111"}],"wp:attachment":[{"href":"https:\/\/1526.csaladfakonyv.hu\/index.php?rest_route=%2Fwp%2Fv2%2Fmedia&parent=113"}],"curies":[{"name":"wp","href":"https:\/\/api.w.org\/{rel}","templated":true}]}}